{"id":1162,"date":"2025-03-05T10:03:50","date_gmt":"2025-03-05T10:03:50","guid":{"rendered":"https:\/\/www.afiptisp.org\/?page_id=1162"},"modified":"2025-03-05T17:20:16","modified_gmt":"2025-03-05T17:20:16","slug":"mariana-relinque","status":"publish","type":"page","link":"https:\/\/www.afiptisp.org\/index.php\/mariana-relinque\/","title":{"rendered":"Entrevista a Mariana Relinque"},"content":{"rendered":"\n<p>(Universidad Pablo de Olavide)<\/p>\n\n\n\n<p>26\/03\/2025 13:00<\/p>\n\n\n\n<p>Derribando barreras: la importancia de la traducci\u00f3n e interpretaci\u00f3n en la protecci\u00f3n internacional<\/p>\n\n\n\n<p><a href=\"https:\/\/teams.microsoft.com\/l\/meetup-join\/19%3ameeting_ZmMwYmQ4ZDAtOTllMC00MjNkLWEwZDktM2Q4YmNiYTAzMjgw%40thread.v2\/0?context=%7b%22Tid%22%3a%22ced2c552-7d1f-4731-aa3a-2f0ec9629e26%22%2c%22Oid%22%3a%2286f8664c-242c-4119-80ae-130ec177157e%22%7d\">https:\/\/teams.microsoft.com\/l\/meetup-join\/19%3ameeting_ZmMwYmQ4ZDAtOTllMC00MjNkLWEwZDktM2Q4YmNiYTAzMjgw%40thread.v2\/0?context=%7b%22Tid%22%3a%22ced2c552-7d1f-4731-aa3a-2f0ec9629e26%22%2c%22Oid%22%3a%2286f8664c-242c-4119-80ae-130ec177157e%22%7d<\/a><\/p>\n\n\n\n<figure class=\"wp-block-image size-large\"><img loading=\"lazy\" decoding=\"async\" width=\"720\" height=\"1024\" src=\"https:\/\/www.afiptisp.org\/wp-content\/uploads\/2025\/03\/Captura-de-pantalla-2025-03-05-a-las-18.19.37-720x1024.png\" alt=\"\" class=\"wp-image-1173\" srcset=\"https:\/\/www.afiptisp.org\/wp-content\/uploads\/2025\/03\/Captura-de-pantalla-2025-03-05-a-las-18.19.37-720x1024.png 720w, https:\/\/www.afiptisp.org\/wp-content\/uploads\/2025\/03\/Captura-de-pantalla-2025-03-05-a-las-18.19.37-211x300.png 211w, https:\/\/www.afiptisp.org\/wp-content\/uploads\/2025\/03\/Captura-de-pantalla-2025-03-05-a-las-18.19.37-768x1093.png 768w, https:\/\/www.afiptisp.org\/wp-content\/uploads\/2025\/03\/Captura-de-pantalla-2025-03-05-a-las-18.19.37-1079x1536.png 1079w, https:\/\/www.afiptisp.org\/wp-content\/uploads\/2025\/03\/Captura-de-pantalla-2025-03-05-a-las-18.19.37.png 1196w\" sizes=\"auto, (max-width: 720px) 100vw, 720px\" \/><\/figure>\n<!-- AddThis Advanced Settings generic via filter on the_content --><!-- AddThis Share Buttons generic via filter on the_content -->","protected":false},"excerpt":{"rendered":"<p>(Universidad Pablo de Olavide) 26\/03\/2025 13:00 Derribando barreras: la importancia de la traducci\u00f3n e interpretaci\u00f3n en la protecci\u00f3n internacional https:\/\/teams.microsoft.com\/l\/meetup-join\/19%3ameeting_ZmMwYmQ4ZDAtOTllMC00MjNkLWEwZDktM2Q4YmNiYTAzMjgw%40thread.v2\/0?context=%7b%22Tid%22%3a%22ced2c552-7d1f-4731-aa3a-2f0ec9629e26%22%2c%22Oid%22%3a%2286f8664c-242c-4119-80ae-130ec177157e%22%7d<!-- AddThis Advanced Settings generic via filter on get_the_excerpt --><!-- AddThis Share Buttons generic via filter on get_the_excerpt --><\/p>\n","protected":false},"author":1,"featured_media":0,"parent":0,"menu_order":0,"comment_status":"closed","ping_status":"closed","template":"","meta":{"footnotes":""},"class_list":["post-1162","page","type-page","status-publish","hentry"],"yoast_head":"<!-- This site is optimized with the Yoast SEO plugin v27.4 - https:\/\/yoast.com\/product\/yoast-seo-wordpress\/ -->\n<title>Entrevista a Mariana Relinque - ASOCIACI\u00d3N DE FORMADORES, INVESTIGADORES Y PROFESIONALES DE LA TRADUCCI\u00d3N Y LA INTERPRETACI\u00d3N EN LOS SERVICIOS P\u00daBLICOS<\/title>\n<meta name=\"robots\" content=\"index, follow, max-snippet:-1, max-image-preview:large, max-video-preview:-1\" \/>\n<link rel=\"canonical\" href=\"https:\/\/www.afiptisp.org\/index.php\/mariana-relinque\/\" \/>\n<meta property=\"og:locale\" content=\"es_ES\" \/>\n<meta property=\"og:type\" content=\"article\" \/>\n<meta property=\"og:title\" content=\"Entrevista a Mariana Relinque - ASOCIACI\u00d3N DE FORMADORES, INVESTIGADORES Y PROFESIONALES DE LA TRADUCCI\u00d3N Y LA INTERPRETACI\u00d3N EN LOS SERVICIOS P\u00daBLICOS\" \/>\n<meta property=\"og:description\" content=\"(Universidad Pablo de Olavide) 26\/03\/2025 13:00 Derribando barreras: la importancia de la traducci\u00f3n e interpretaci\u00f3n en la protecci\u00f3n internacional https:\/\/teams.microsoft.com\/l\/meetup-join\/19%3ameeting_ZmMwYmQ4ZDAtOTllMC00MjNkLWEwZDktM2Q4YmNiYTAzMjgw%40thread.v2\/0?context=%7b%22Tid%22%3a%22ced2c552-7d1f-4731-aa3a-2f0ec9629e26%22%2c%22Oid%22%3a%2286f8664c-242c-4119-80ae-130ec177157e%22%7d\" \/>\n<meta property=\"og:url\" content=\"https:\/\/www.afiptisp.org\/index.php\/mariana-relinque\/\" \/>\n<meta property=\"og:site_name\" content=\"ASOCIACI\u00d3N DE FORMADORES, INVESTIGADORES Y PROFESIONALES DE LA TRADUCCI\u00d3N Y LA INTERPRETACI\u00d3N EN LOS SERVICIOS P\u00daBLICOS\" \/>\n<meta property=\"article:modified_time\" content=\"2025-03-05T17:20:16+00:00\" \/>\n<meta property=\"og:image\" content=\"https:\/\/www.afiptisp.org\/wp-content\/uploads\/2025\/03\/Captura-de-pantalla-2025-03-05-a-las-18.19.37.png\" \/>\n\t<meta property=\"og:image:width\" content=\"1196\" \/>\n\t<meta property=\"og:image:height\" content=\"1702\" \/>\n\t<meta property=\"og:image:type\" content=\"image\/png\" \/>\n<meta name=\"twitter:card\" content=\"summary_large_image\" \/>\n<meta name=\"twitter:label1\" content=\"Tiempo de lectura\" \/>\n\t<meta name=\"twitter:data1\" content=\"1 minuto\" \/>\n<script type=\"application\/ld+json\" class=\"yoast-schema-graph\">{\"@context\":\"https:\\\/\\\/schema.org\",\"@graph\":[{\"@type\":\"WebPage\",\"@id\":\"https:\\\/\\\/www.afiptisp.org\\\/index.php\\\/mariana-relinque\\\/\",\"url\":\"https:\\\/\\\/www.afiptisp.org\\\/index.php\\\/mariana-relinque\\\/\",\"name\":\"Entrevista a Mariana Relinque - ASOCIACI\u00d3N DE FORMADORES, INVESTIGADORES Y PROFESIONALES DE LA TRADUCCI\u00d3N Y LA INTERPRETACI\u00d3N EN LOS SERVICIOS P\u00daBLICOS\",\"isPartOf\":{\"@id\":\"https:\\\/\\\/www.afiptisp.org\\\/#website\"},\"primaryImageOfPage\":{\"@id\":\"https:\\\/\\\/www.afiptisp.org\\\/index.php\\\/mariana-relinque\\\/#primaryimage\"},\"image\":{\"@id\":\"https:\\\/\\\/www.afiptisp.org\\\/index.php\\\/mariana-relinque\\\/#primaryimage\"},\"thumbnailUrl\":\"https:\\\/\\\/www.afiptisp.org\\\/wp-content\\\/uploads\\\/2025\\\/03\\\/Captura-de-pantalla-2025-03-05-a-las-18.19.37-720x1024.png\",\"datePublished\":\"2025-03-05T10:03:50+00:00\",\"dateModified\":\"2025-03-05T17:20:16+00:00\",\"breadcrumb\":{\"@id\":\"https:\\\/\\\/www.afiptisp.org\\\/index.php\\\/mariana-relinque\\\/#breadcrumb\"},\"inLanguage\":\"es\",\"potentialAction\":[{\"@type\":\"ReadAction\",\"target\":[\"https:\\\/\\\/www.afiptisp.org\\\/index.php\\\/mariana-relinque\\\/\"]}]},{\"@type\":\"ImageObject\",\"inLanguage\":\"es\",\"@id\":\"https:\\\/\\\/www.afiptisp.org\\\/index.php\\\/mariana-relinque\\\/#primaryimage\",\"url\":\"https:\\\/\\\/www.afiptisp.org\\\/wp-content\\\/uploads\\\/2025\\\/03\\\/Captura-de-pantalla-2025-03-05-a-las-18.19.37.png\",\"contentUrl\":\"https:\\\/\\\/www.afiptisp.org\\\/wp-content\\\/uploads\\\/2025\\\/03\\\/Captura-de-pantalla-2025-03-05-a-las-18.19.37.png\",\"width\":1196,\"height\":1702},{\"@type\":\"BreadcrumbList\",\"@id\":\"https:\\\/\\\/www.afiptisp.org\\\/index.php\\\/mariana-relinque\\\/#breadcrumb\",\"itemListElement\":[{\"@type\":\"ListItem\",\"position\":1,\"name\":\"Portada\",\"item\":\"https:\\\/\\\/www.afiptisp.org\\\/\"},{\"@type\":\"ListItem\",\"position\":2,\"name\":\"Entrevista a Mariana Relinque\"}]},{\"@type\":\"WebSite\",\"@id\":\"https:\\\/\\\/www.afiptisp.org\\\/#website\",\"url\":\"https:\\\/\\\/www.afiptisp.org\\\/\",\"name\":\"ASOCIACI\u00d3N DE FORMADORES, INVESTIGADORES Y PROFESIONALES DE LA TRADUCCI\u00d3N Y LA INTERPRETACI\u00d3N EN LOS SERVICIOS P\u00daBLICOS\",\"description\":\"Red V\u00e9rtice: https:\\\/\\\/www.redvertice.org\",\"publisher\":{\"@id\":\"https:\\\/\\\/www.afiptisp.org\\\/#organization\"},\"potentialAction\":[{\"@type\":\"SearchAction\",\"target\":{\"@type\":\"EntryPoint\",\"urlTemplate\":\"https:\\\/\\\/www.afiptisp.org\\\/?s={search_term_string}\"},\"query-input\":{\"@type\":\"PropertyValueSpecification\",\"valueRequired\":true,\"valueName\":\"search_term_string\"}}],\"inLanguage\":\"es\"},{\"@type\":\"Organization\",\"@id\":\"https:\\\/\\\/www.afiptisp.org\\\/#organization\",\"name\":\"ASOCIACI\u00d3N DE FORMADORES, INVESTIGADORES Y PROFESIONALES DE LA TRADUCCI\u00d3N Y LA INTERPRETACI\u00d3N EN LOS SERVICIOS P\u00daBLICOS\",\"url\":\"https:\\\/\\\/www.afiptisp.org\\\/\",\"logo\":{\"@type\":\"ImageObject\",\"inLanguage\":\"es\",\"@id\":\"https:\\\/\\\/www.afiptisp.org\\\/#\\\/schema\\\/logo\\\/image\\\/\",\"url\":\"https:\\\/\\\/www.afiptisp.org\\\/wp-content\\\/uploads\\\/2025\\\/03\\\/cropped-Logo-AFIPTISP.png\",\"contentUrl\":\"https:\\\/\\\/www.afiptisp.org\\\/wp-content\\\/uploads\\\/2025\\\/03\\\/cropped-Logo-AFIPTISP.png\",\"width\":250,\"height\":250,\"caption\":\"ASOCIACI\u00d3N DE FORMADORES, INVESTIGADORES Y PROFESIONALES DE LA TRADUCCI\u00d3N Y LA INTERPRETACI\u00d3N EN LOS SERVICIOS P\u00daBLICOS\"},\"image\":{\"@id\":\"https:\\\/\\\/www.afiptisp.org\\\/#\\\/schema\\\/logo\\\/image\\\/\"}}]}<\/script>\n<!-- \/ Yoast SEO plugin. -->","yoast_head_json":{"title":"Entrevista a Mariana Relinque - ASOCIACI\u00d3N DE FORMADORES, INVESTIGADORES Y PROFESIONALES DE LA TRADUCCI\u00d3N Y LA INTERPRETACI\u00d3N EN LOS SERVICIOS P\u00daBLICOS","robots":{"index":"index","follow":"follow","max-snippet":"max-snippet:-1","max-image-preview":"max-image-preview:large","max-video-preview":"max-video-preview:-1"},"canonical":"https:\/\/www.afiptisp.org\/index.php\/mariana-relinque\/","og_locale":"es_ES","og_type":"article","og_title":"Entrevista a Mariana Relinque - ASOCIACI\u00d3N DE FORMADORES, INVESTIGADORES Y PROFESIONALES DE LA TRADUCCI\u00d3N Y LA INTERPRETACI\u00d3N EN LOS SERVICIOS P\u00daBLICOS","og_description":"(Universidad Pablo de Olavide) 26\/03\/2025 13:00 Derribando barreras: la importancia de la traducci\u00f3n e interpretaci\u00f3n en la protecci\u00f3n internacional https:\/\/teams.microsoft.com\/l\/meetup-join\/19%3ameeting_ZmMwYmQ4ZDAtOTllMC00MjNkLWEwZDktM2Q4YmNiYTAzMjgw%40thread.v2\/0?context=%7b%22Tid%22%3a%22ced2c552-7d1f-4731-aa3a-2f0ec9629e26%22%2c%22Oid%22%3a%2286f8664c-242c-4119-80ae-130ec177157e%22%7d","og_url":"https:\/\/www.afiptisp.org\/index.php\/mariana-relinque\/","og_site_name":"ASOCIACI\u00d3N DE FORMADORES, INVESTIGADORES Y PROFESIONALES DE LA TRADUCCI\u00d3N Y LA INTERPRETACI\u00d3N EN LOS SERVICIOS P\u00daBLICOS","article_modified_time":"2025-03-05T17:20:16+00:00","og_image":[{"width":1196,"height":1702,"url":"https:\/\/www.afiptisp.org\/wp-content\/uploads\/2025\/03\/Captura-de-pantalla-2025-03-05-a-las-18.19.37.png","type":"image\/png"}],"twitter_card":"summary_large_image","twitter_misc":{"Tiempo de lectura":"1 minuto"},"schema":{"@context":"https:\/\/schema.org","@graph":[{"@type":"WebPage","@id":"https:\/\/www.afiptisp.org\/index.php\/mariana-relinque\/","url":"https:\/\/www.afiptisp.org\/index.php\/mariana-relinque\/","name":"Entrevista a Mariana Relinque - ASOCIACI\u00d3N DE FORMADORES, INVESTIGADORES Y PROFESIONALES DE LA TRADUCCI\u00d3N Y LA INTERPRETACI\u00d3N EN LOS SERVICIOS P\u00daBLICOS","isPartOf":{"@id":"https:\/\/www.afiptisp.org\/#website"},"primaryImageOfPage":{"@id":"https:\/\/www.afiptisp.org\/index.php\/mariana-relinque\/#primaryimage"},"image":{"@id":"https:\/\/www.afiptisp.org\/index.php\/mariana-relinque\/#primaryimage"},"thumbnailUrl":"https:\/\/www.afiptisp.org\/wp-content\/uploads\/2025\/03\/Captura-de-pantalla-2025-03-05-a-las-18.19.37-720x1024.png","datePublished":"2025-03-05T10:03:50+00:00","dateModified":"2025-03-05T17:20:16+00:00","breadcrumb":{"@id":"https:\/\/www.afiptisp.org\/index.php\/mariana-relinque\/#breadcrumb"},"inLanguage":"es","potentialAction":[{"@type":"ReadAction","target":["https:\/\/www.afiptisp.org\/index.php\/mariana-relinque\/"]}]},{"@type":"ImageObject","inLanguage":"es","@id":"https:\/\/www.afiptisp.org\/index.php\/mariana-relinque\/#primaryimage","url":"https:\/\/www.afiptisp.org\/wp-content\/uploads\/2025\/03\/Captura-de-pantalla-2025-03-05-a-las-18.19.37.png","contentUrl":"https:\/\/www.afiptisp.org\/wp-content\/uploads\/2025\/03\/Captura-de-pantalla-2025-03-05-a-las-18.19.37.png","width":1196,"height":1702},{"@type":"BreadcrumbList","@id":"https:\/\/www.afiptisp.org\/index.php\/mariana-relinque\/#breadcrumb","itemListElement":[{"@type":"ListItem","position":1,"name":"Portada","item":"https:\/\/www.afiptisp.org\/"},{"@type":"ListItem","position":2,"name":"Entrevista a Mariana Relinque"}]},{"@type":"WebSite","@id":"https:\/\/www.afiptisp.org\/#website","url":"https:\/\/www.afiptisp.org\/","name":"ASOCIACI\u00d3N DE FORMADORES, INVESTIGADORES Y PROFESIONALES DE LA TRADUCCI\u00d3N Y LA INTERPRETACI\u00d3N EN LOS SERVICIOS P\u00daBLICOS","description":"Red V\u00e9rtice: https:\/\/www.redvertice.org","publisher":{"@id":"https:\/\/www.afiptisp.org\/#organization"},"potentialAction":[{"@type":"SearchAction","target":{"@type":"EntryPoint","urlTemplate":"https:\/\/www.afiptisp.org\/?s={search_term_string}"},"query-input":{"@type":"PropertyValueSpecification","valueRequired":true,"valueName":"search_term_string"}}],"inLanguage":"es"},{"@type":"Organization","@id":"https:\/\/www.afiptisp.org\/#organization","name":"ASOCIACI\u00d3N DE FORMADORES, INVESTIGADORES Y PROFESIONALES DE LA TRADUCCI\u00d3N Y LA INTERPRETACI\u00d3N EN LOS SERVICIOS P\u00daBLICOS","url":"https:\/\/www.afiptisp.org\/","logo":{"@type":"ImageObject","inLanguage":"es","@id":"https:\/\/www.afiptisp.org\/#\/schema\/logo\/image\/","url":"https:\/\/www.afiptisp.org\/wp-content\/uploads\/2025\/03\/cropped-Logo-AFIPTISP.png","contentUrl":"https:\/\/www.afiptisp.org\/wp-content\/uploads\/2025\/03\/cropped-Logo-AFIPTISP.png","width":250,"height":250,"caption":"ASOCIACI\u00d3N DE FORMADORES, INVESTIGADORES Y PROFESIONALES DE LA TRADUCCI\u00d3N Y LA INTERPRETACI\u00d3N EN LOS SERVICIOS P\u00daBLICOS"},"image":{"@id":"https:\/\/www.afiptisp.org\/#\/schema\/logo\/image\/"}}]}},"_links":{"self":[{"href":"https:\/\/www.afiptisp.org\/index.php\/wp-json\/wp\/v2\/pages\/1162","targetHints":{"allow":["GET"]}}],"collection":[{"href":"https:\/\/www.afiptisp.org\/index.php\/wp-json\/wp\/v2\/pages"}],"about":[{"href":"https:\/\/www.afiptisp.org\/index.php\/wp-json\/wp\/v2\/types\/page"}],"author":[{"embeddable":true,"href":"https:\/\/www.afiptisp.org\/index.php\/wp-json\/wp\/v2\/users\/1"}],"replies":[{"embeddable":true,"href":"https:\/\/www.afiptisp.org\/index.php\/wp-json\/wp\/v2\/comments?post=1162"}],"version-history":[{"count":4,"href":"https:\/\/www.afiptisp.org\/index.php\/wp-json\/wp\/v2\/pages\/1162\/revisions"}],"predecessor-version":[{"id":1174,"href":"https:\/\/www.afiptisp.org\/index.php\/wp-json\/wp\/v2\/pages\/1162\/revisions\/1174"}],"wp:attachment":[{"href":"https:\/\/www.afiptisp.org\/index.php\/wp-json\/wp\/v2\/media?parent=1162"}],"curies":[{"name":"wp","href":"https:\/\/api.w.org\/{rel}","templated":true}]}}