{"id":1415,"date":"2026-03-03T17:10:10","date_gmt":"2026-03-03T17:10:10","guid":{"rendered":"https:\/\/www.afiptisp.org\/?page_id=1415"},"modified":"2026-03-03T17:10:44","modified_gmt":"2026-03-03T17:10:44","slug":"to-whom-is-it-addressed","status":"publish","type":"page","link":"https:\/\/www.afiptisp.org\/index.php\/en\/to-whom-is-it-addressed\/","title":{"rendered":"To whom is it addressed?"},"content":{"rendered":"\n<p>AFIPTISP brings together:<\/p>\n\n\n\n<ul class=\"wp-block-list\">\n<li><strong>PROFESSIONALS<\/strong><br>Are you a translator or interpreter working in public services?<\/li>\n<\/ul>\n\n\n<div class=\"wp-block-image\">\n<figure class=\"aligncenter size-full is-resized\"><img loading=\"lazy\" decoding=\"async\" width=\"736\" height=\"920\" src=\"https:\/\/www.afiptisp.org\/wp-content\/uploads\/2026\/02\/image.png\" alt=\"\" class=\"wp-image-1316\" style=\"width:165px;height:auto\" srcset=\"https:\/\/www.afiptisp.org\/wp-content\/uploads\/2026\/02\/image.png 736w, https:\/\/www.afiptisp.org\/wp-content\/uploads\/2026\/02\/image-240x300.png 240w\" sizes=\"auto, (max-width: 736px) 100vw, 736px\" \/><\/figure>\n<\/div>\n\n\n<p>AFIPTISP defends your profession.<\/p>\n\n\n\n<ul class=\"wp-block-list\">\n<li><strong>TRAINERS AND RESEARCHERS<\/strong><br>Are you a teacher or researcher?<\/li>\n<\/ul>\n\n\n<div class=\"wp-block-image\">\n<figure class=\"aligncenter size-large is-resized\"><img loading=\"lazy\" decoding=\"async\" width=\"1024\" height=\"684\" src=\"https:\/\/www.afiptisp.org\/wp-content\/uploads\/2026\/02\/EDU4731-1024x684.jpg\" alt=\"\" class=\"wp-image-1318\" style=\"aspect-ratio:1.497102002568285;width:302px;height:auto\" srcset=\"https:\/\/www.afiptisp.org\/wp-content\/uploads\/2026\/02\/EDU4731-1024x684.jpg 1024w, https:\/\/www.afiptisp.org\/wp-content\/uploads\/2026\/02\/EDU4731-300x200.jpg 300w, https:\/\/www.afiptisp.org\/wp-content\/uploads\/2026\/02\/EDU4731-768x513.jpg 768w, https:\/\/www.afiptisp.org\/wp-content\/uploads\/2026\/02\/EDU4731.jpg 1400w\" sizes=\"auto, (max-width: 767px) 89vw, (max-width: 1000px) 54vw, (max-width: 1071px) 543px, 580px\" \/><\/figure>\n<\/div>\n\n\n<p>At AFIPTISP, we share knowledge.<\/p>\n\n\n\n<ul class=\"wp-block-list\">\n<li><strong>STUDENTS<br><\/strong>Are you a student of translation, interpreting or mediation?<\/li>\n<\/ul>\n\n\n<div class=\"wp-block-image\">\n<figure class=\"aligncenter size-full is-resized\"><img loading=\"lazy\" decoding=\"async\" width=\"780\" height=\"385\" src=\"https:\/\/www.afiptisp.org\/wp-content\/uploads\/2026\/02\/EDU3594.jpg\" alt=\"\" class=\"wp-image-1319\" style=\"aspect-ratio:2.0260203841998967;width:344px;height:auto\" srcset=\"https:\/\/www.afiptisp.org\/wp-content\/uploads\/2026\/02\/EDU3594.jpg 780w, https:\/\/www.afiptisp.org\/wp-content\/uploads\/2026\/02\/EDU3594-300x148.jpg 300w, https:\/\/www.afiptisp.org\/wp-content\/uploads\/2026\/02\/EDU3594-768x379.jpg 768w\" sizes=\"auto, (max-width: 767px) 89vw, (max-width: 1000px) 54vw, (max-width: 1071px) 543px, 580px\" \/><\/figure>\n<\/div>\n\n\n<p>Create a network and get involved from the start.<\/p>\n\n\n\n<ul class=\"wp-block-list\">\n<li><strong>OTHER PROFILES<\/strong><br>Do you work in public services or social organisations?<\/li>\n<\/ul>\n\n\n<div class=\"wp-block-image\">\n<figure class=\"aligncenter size-full is-resized\"><img loading=\"lazy\" decoding=\"async\" width=\"570\" height=\"665\" src=\"https:\/\/www.afiptisp.org\/wp-content\/uploads\/2026\/02\/image-4.png\" alt=\"\" class=\"wp-image-1322\" style=\"aspect-ratio:0.8571599402092676;width:174px;height:auto\" srcset=\"https:\/\/www.afiptisp.org\/wp-content\/uploads\/2026\/02\/image-4.png 570w, https:\/\/www.afiptisp.org\/wp-content\/uploads\/2026\/02\/image-4-257x300.png 257w\" sizes=\"auto, (max-width: 570px) 100vw, 570px\" \/><\/figure>\n<\/div>\n\n\n<p>TISP is also key in your professional field.<\/p>\n\n\n\n<p><\/p>\n<!-- AddThis Advanced Settings generic via filter on the_content --><!-- AddThis Share Buttons generic via filter on the_content -->","protected":false},"excerpt":{"rendered":"<p>AFIPTISP brings together: AFIPTISP defends your profession. At AFIPTISP, we share knowledge. Create a network and get involved from the start. TISP is also key in your professional field.<!-- AddThis Advanced Settings generic via filter on get_the_excerpt --><!-- AddThis Share Buttons generic via filter on get_the_excerpt --><\/p>\n","protected":false},"author":1,"featured_media":0,"parent":0,"menu_order":0,"comment_status":"closed","ping_status":"closed","template":"","meta":{"footnotes":""},"class_list":["post-1415","page","type-page","status-publish","hentry"],"yoast_head":"<!-- This site is optimized with the Yoast SEO plugin v27.6 - https:\/\/yoast.com\/product\/yoast-seo-wordpress\/ -->\n<title>To whom is it addressed? - ASOCIACI\u00d3N DE FORMADORES, INVESTIGADORES Y PROFESIONALES DE LA TRADUCCI\u00d3N Y LA INTERPRETACI\u00d3N EN LOS SERVICIOS P\u00daBLICOS<\/title>\n<meta name=\"robots\" content=\"index, follow, max-snippet:-1, max-image-preview:large, max-video-preview:-1\" \/>\n<link rel=\"canonical\" href=\"https:\/\/www.afiptisp.org\/index.php\/en\/to-whom-is-it-addressed\/\" \/>\n<meta property=\"og:locale\" content=\"es_ES\" \/>\n<meta property=\"og:type\" content=\"article\" \/>\n<meta property=\"og:title\" content=\"To whom is it addressed? - ASOCIACI\u00d3N DE FORMADORES, INVESTIGADORES Y PROFESIONALES DE LA TRADUCCI\u00d3N Y LA INTERPRETACI\u00d3N EN LOS SERVICIOS P\u00daBLICOS\" \/>\n<meta property=\"og:description\" content=\"AFIPTISP brings together: AFIPTISP defends your profession. At AFIPTISP, we share knowledge. Create a network and get involved from the start. TISP is also key in your professional field.\" \/>\n<meta property=\"og:url\" content=\"https:\/\/www.afiptisp.org\/index.php\/en\/to-whom-is-it-addressed\/\" \/>\n<meta property=\"og:site_name\" content=\"ASOCIACI\u00d3N DE FORMADORES, INVESTIGADORES Y PROFESIONALES DE LA TRADUCCI\u00d3N Y LA INTERPRETACI\u00d3N EN LOS SERVICIOS P\u00daBLICOS\" \/>\n<meta property=\"article:modified_time\" content=\"2026-03-03T17:10:44+00:00\" \/>\n<meta property=\"og:image\" content=\"https:\/\/www.afiptisp.org\/wp-content\/uploads\/2026\/02\/image.png\" \/>\n\t<meta property=\"og:image:width\" content=\"736\" \/>\n\t<meta property=\"og:image:height\" content=\"920\" \/>\n\t<meta property=\"og:image:type\" content=\"image\/png\" \/>\n<meta name=\"twitter:card\" content=\"summary_large_image\" \/>\n<meta name=\"twitter:label1\" content=\"Tiempo de lectura\" \/>\n\t<meta name=\"twitter:data1\" content=\"2 minutos\" \/>\n<script type=\"application\/ld+json\" class=\"yoast-schema-graph\">{\"@context\":\"https:\\\/\\\/schema.org\",\"@graph\":[{\"@type\":\"WebPage\",\"@id\":\"https:\\\/\\\/www.afiptisp.org\\\/index.php\\\/en\\\/to-whom-is-it-addressed\\\/\",\"url\":\"https:\\\/\\\/www.afiptisp.org\\\/index.php\\\/en\\\/to-whom-is-it-addressed\\\/\",\"name\":\"To whom is it addressed? - ASOCIACI\u00d3N DE FORMADORES, INVESTIGADORES Y PROFESIONALES DE LA TRADUCCI\u00d3N Y LA INTERPRETACI\u00d3N EN LOS SERVICIOS P\u00daBLICOS\",\"isPartOf\":{\"@id\":\"https:\\\/\\\/www.afiptisp.org\\\/#website\"},\"primaryImageOfPage\":{\"@id\":\"https:\\\/\\\/www.afiptisp.org\\\/index.php\\\/en\\\/to-whom-is-it-addressed\\\/#primaryimage\"},\"image\":{\"@id\":\"https:\\\/\\\/www.afiptisp.org\\\/index.php\\\/en\\\/to-whom-is-it-addressed\\\/#primaryimage\"},\"thumbnailUrl\":\"https:\\\/\\\/www.afiptisp.org\\\/wp-content\\\/uploads\\\/2026\\\/02\\\/image.png\",\"datePublished\":\"2026-03-03T17:10:10+00:00\",\"dateModified\":\"2026-03-03T17:10:44+00:00\",\"breadcrumb\":{\"@id\":\"https:\\\/\\\/www.afiptisp.org\\\/index.php\\\/en\\\/to-whom-is-it-addressed\\\/#breadcrumb\"},\"inLanguage\":\"es\",\"potentialAction\":[{\"@type\":\"ReadAction\",\"target\":[\"https:\\\/\\\/www.afiptisp.org\\\/index.php\\\/en\\\/to-whom-is-it-addressed\\\/\"]}]},{\"@type\":\"ImageObject\",\"inLanguage\":\"es\",\"@id\":\"https:\\\/\\\/www.afiptisp.org\\\/index.php\\\/en\\\/to-whom-is-it-addressed\\\/#primaryimage\",\"url\":\"https:\\\/\\\/www.afiptisp.org\\\/wp-content\\\/uploads\\\/2026\\\/02\\\/image.png\",\"contentUrl\":\"https:\\\/\\\/www.afiptisp.org\\\/wp-content\\\/uploads\\\/2026\\\/02\\\/image.png\",\"width\":736,\"height\":920},{\"@type\":\"BreadcrumbList\",\"@id\":\"https:\\\/\\\/www.afiptisp.org\\\/index.php\\\/en\\\/to-whom-is-it-addressed\\\/#breadcrumb\",\"itemListElement\":[{\"@type\":\"ListItem\",\"position\":1,\"name\":\"Portada\",\"item\":\"https:\\\/\\\/www.afiptisp.org\\\/\"},{\"@type\":\"ListItem\",\"position\":2,\"name\":\"To whom is it addressed?\"}]},{\"@type\":\"WebSite\",\"@id\":\"https:\\\/\\\/www.afiptisp.org\\\/#website\",\"url\":\"https:\\\/\\\/www.afiptisp.org\\\/\",\"name\":\"ASOCIACI\u00d3N DE FORMADORES, INVESTIGADORES Y PROFESIONALES DE LA TRADUCCI\u00d3N Y LA INTERPRETACI\u00d3N EN LOS SERVICIOS P\u00daBLICOS\",\"description\":\"Red V\u00e9rtice: https:\\\/\\\/www.redvertice.org\",\"publisher\":{\"@id\":\"https:\\\/\\\/www.afiptisp.org\\\/#organization\"},\"potentialAction\":[{\"@type\":\"SearchAction\",\"target\":{\"@type\":\"EntryPoint\",\"urlTemplate\":\"https:\\\/\\\/www.afiptisp.org\\\/?s={search_term_string}\"},\"query-input\":{\"@type\":\"PropertyValueSpecification\",\"valueRequired\":true,\"valueName\":\"search_term_string\"}}],\"inLanguage\":\"es\"},{\"@type\":\"Organization\",\"@id\":\"https:\\\/\\\/www.afiptisp.org\\\/#organization\",\"name\":\"ASOCIACI\u00d3N DE FORMADORES, INVESTIGADORES Y PROFESIONALES DE LA TRADUCCI\u00d3N Y LA INTERPRETACI\u00d3N EN LOS SERVICIOS P\u00daBLICOS\",\"url\":\"https:\\\/\\\/www.afiptisp.org\\\/\",\"logo\":{\"@type\":\"ImageObject\",\"inLanguage\":\"es\",\"@id\":\"https:\\\/\\\/www.afiptisp.org\\\/#\\\/schema\\\/logo\\\/image\\\/\",\"url\":\"https:\\\/\\\/www.afiptisp.org\\\/wp-content\\\/uploads\\\/2025\\\/03\\\/cropped-Logo-AFIPTISP.png\",\"contentUrl\":\"https:\\\/\\\/www.afiptisp.org\\\/wp-content\\\/uploads\\\/2025\\\/03\\\/cropped-Logo-AFIPTISP.png\",\"width\":250,\"height\":250,\"caption\":\"ASOCIACI\u00d3N DE FORMADORES, INVESTIGADORES Y PROFESIONALES DE LA TRADUCCI\u00d3N Y LA INTERPRETACI\u00d3N EN LOS SERVICIOS P\u00daBLICOS\"},\"image\":{\"@id\":\"https:\\\/\\\/www.afiptisp.org\\\/#\\\/schema\\\/logo\\\/image\\\/\"}}]}<\/script>\n<!-- \/ Yoast SEO plugin. -->","yoast_head_json":{"title":"To whom is it addressed? - ASOCIACI\u00d3N DE FORMADORES, INVESTIGADORES Y PROFESIONALES DE LA TRADUCCI\u00d3N Y LA INTERPRETACI\u00d3N EN LOS SERVICIOS P\u00daBLICOS","robots":{"index":"index","follow":"follow","max-snippet":"max-snippet:-1","max-image-preview":"max-image-preview:large","max-video-preview":"max-video-preview:-1"},"canonical":"https:\/\/www.afiptisp.org\/index.php\/en\/to-whom-is-it-addressed\/","og_locale":"es_ES","og_type":"article","og_title":"To whom is it addressed? - ASOCIACI\u00d3N DE FORMADORES, INVESTIGADORES Y PROFESIONALES DE LA TRADUCCI\u00d3N Y LA INTERPRETACI\u00d3N EN LOS SERVICIOS P\u00daBLICOS","og_description":"AFIPTISP brings together: AFIPTISP defends your profession. At AFIPTISP, we share knowledge. Create a network and get involved from the start. TISP is also key in your professional field.","og_url":"https:\/\/www.afiptisp.org\/index.php\/en\/to-whom-is-it-addressed\/","og_site_name":"ASOCIACI\u00d3N DE FORMADORES, INVESTIGADORES Y PROFESIONALES DE LA TRADUCCI\u00d3N Y LA INTERPRETACI\u00d3N EN LOS SERVICIOS P\u00daBLICOS","article_modified_time":"2026-03-03T17:10:44+00:00","og_image":[{"width":736,"height":920,"url":"https:\/\/www.afiptisp.org\/wp-content\/uploads\/2026\/02\/image.png","type":"image\/png"}],"twitter_card":"summary_large_image","twitter_misc":{"Tiempo de lectura":"2 minutos"},"schema":{"@context":"https:\/\/schema.org","@graph":[{"@type":"WebPage","@id":"https:\/\/www.afiptisp.org\/index.php\/en\/to-whom-is-it-addressed\/","url":"https:\/\/www.afiptisp.org\/index.php\/en\/to-whom-is-it-addressed\/","name":"To whom is it addressed? - ASOCIACI\u00d3N DE FORMADORES, INVESTIGADORES Y PROFESIONALES DE LA TRADUCCI\u00d3N Y LA INTERPRETACI\u00d3N EN LOS SERVICIOS P\u00daBLICOS","isPartOf":{"@id":"https:\/\/www.afiptisp.org\/#website"},"primaryImageOfPage":{"@id":"https:\/\/www.afiptisp.org\/index.php\/en\/to-whom-is-it-addressed\/#primaryimage"},"image":{"@id":"https:\/\/www.afiptisp.org\/index.php\/en\/to-whom-is-it-addressed\/#primaryimage"},"thumbnailUrl":"https:\/\/www.afiptisp.org\/wp-content\/uploads\/2026\/02\/image.png","datePublished":"2026-03-03T17:10:10+00:00","dateModified":"2026-03-03T17:10:44+00:00","breadcrumb":{"@id":"https:\/\/www.afiptisp.org\/index.php\/en\/to-whom-is-it-addressed\/#breadcrumb"},"inLanguage":"es","potentialAction":[{"@type":"ReadAction","target":["https:\/\/www.afiptisp.org\/index.php\/en\/to-whom-is-it-addressed\/"]}]},{"@type":"ImageObject","inLanguage":"es","@id":"https:\/\/www.afiptisp.org\/index.php\/en\/to-whom-is-it-addressed\/#primaryimage","url":"https:\/\/www.afiptisp.org\/wp-content\/uploads\/2026\/02\/image.png","contentUrl":"https:\/\/www.afiptisp.org\/wp-content\/uploads\/2026\/02\/image.png","width":736,"height":920},{"@type":"BreadcrumbList","@id":"https:\/\/www.afiptisp.org\/index.php\/en\/to-whom-is-it-addressed\/#breadcrumb","itemListElement":[{"@type":"ListItem","position":1,"name":"Portada","item":"https:\/\/www.afiptisp.org\/"},{"@type":"ListItem","position":2,"name":"To whom is it addressed?"}]},{"@type":"WebSite","@id":"https:\/\/www.afiptisp.org\/#website","url":"https:\/\/www.afiptisp.org\/","name":"ASOCIACI\u00d3N DE FORMADORES, INVESTIGADORES Y PROFESIONALES DE LA TRADUCCI\u00d3N Y LA INTERPRETACI\u00d3N EN LOS SERVICIOS P\u00daBLICOS","description":"Red V\u00e9rtice: https:\/\/www.redvertice.org","publisher":{"@id":"https:\/\/www.afiptisp.org\/#organization"},"potentialAction":[{"@type":"SearchAction","target":{"@type":"EntryPoint","urlTemplate":"https:\/\/www.afiptisp.org\/?s={search_term_string}"},"query-input":{"@type":"PropertyValueSpecification","valueRequired":true,"valueName":"search_term_string"}}],"inLanguage":"es"},{"@type":"Organization","@id":"https:\/\/www.afiptisp.org\/#organization","name":"ASOCIACI\u00d3N DE FORMADORES, INVESTIGADORES Y PROFESIONALES DE LA TRADUCCI\u00d3N Y LA INTERPRETACI\u00d3N EN LOS SERVICIOS P\u00daBLICOS","url":"https:\/\/www.afiptisp.org\/","logo":{"@type":"ImageObject","inLanguage":"es","@id":"https:\/\/www.afiptisp.org\/#\/schema\/logo\/image\/","url":"https:\/\/www.afiptisp.org\/wp-content\/uploads\/2025\/03\/cropped-Logo-AFIPTISP.png","contentUrl":"https:\/\/www.afiptisp.org\/wp-content\/uploads\/2025\/03\/cropped-Logo-AFIPTISP.png","width":250,"height":250,"caption":"ASOCIACI\u00d3N DE FORMADORES, INVESTIGADORES Y PROFESIONALES DE LA TRADUCCI\u00d3N Y LA INTERPRETACI\u00d3N EN LOS SERVICIOS P\u00daBLICOS"},"image":{"@id":"https:\/\/www.afiptisp.org\/#\/schema\/logo\/image\/"}}]}},"_links":{"self":[{"href":"https:\/\/www.afiptisp.org\/index.php\/wp-json\/wp\/v2\/pages\/1415","targetHints":{"allow":["GET"]}}],"collection":[{"href":"https:\/\/www.afiptisp.org\/index.php\/wp-json\/wp\/v2\/pages"}],"about":[{"href":"https:\/\/www.afiptisp.org\/index.php\/wp-json\/wp\/v2\/types\/page"}],"author":[{"embeddable":true,"href":"https:\/\/www.afiptisp.org\/index.php\/wp-json\/wp\/v2\/users\/1"}],"replies":[{"embeddable":true,"href":"https:\/\/www.afiptisp.org\/index.php\/wp-json\/wp\/v2\/comments?post=1415"}],"version-history":[{"count":1,"href":"https:\/\/www.afiptisp.org\/index.php\/wp-json\/wp\/v2\/pages\/1415\/revisions"}],"predecessor-version":[{"id":1417,"href":"https:\/\/www.afiptisp.org\/index.php\/wp-json\/wp\/v2\/pages\/1415\/revisions\/1417"}],"wp:attachment":[{"href":"https:\/\/www.afiptisp.org\/index.php\/wp-json\/wp\/v2\/media?parent=1415"}],"curies":[{"name":"wp","href":"https:\/\/api.w.org\/{rel}","templated":true}]}}