{"id":1458,"date":"2026-05-04T13:48:18","date_gmt":"2026-05-04T13:48:18","guid":{"rendered":"https:\/\/www.afiptisp.org\/?page_id=1458"},"modified":"2026-05-04T13:48:19","modified_gmt":"2026-05-04T13:48:19","slug":"entrevista-a-mara-morelli-12-05-2026","status":"publish","type":"page","link":"https:\/\/www.afiptisp.org\/index.php\/entrevista-a-mara-morelli-12-05-2026\/","title":{"rendered":"Entrevista a Mara Morelli (12\/05\/2026)"},"content":{"rendered":"\n<p>Ya tenemos preparada la \u201cCharla de AFIPTISP\u201d de mayo de 2026 \u2665\ufe0f<\/p>\n\n\n\n<p>Nos reuniremos con Mara Morelli (Universit\u00e0 degli Studi di Genova) para hablar del proyecto Spark (@spark.ieus), centrado en la comunicaci\u00f3n intercultural en contextos de privaci\u00f3n de libertad.<\/p>\n\n\n\n<p>\ud83d\uddd3\ufe0f Martes 12 de mayo<\/p>\n\n\n\n<p>\ud83d\udd62 13:00h<\/p>\n\n\n\n<p>\ud83d\udce2 Mara Morelli (Universit\u00e0 degli Studi di Genova)<\/p>\n\n\n\n<p>\ud83d\udd17 <a href=\"https:\/\/eu.bbcollab.com\/guest\/c3e09a2adf404826835089793f6a60f1\">https:\/\/eu.bbcollab.com\/guest\/c3e09a2adf404826835089793f6a60f1<\/a><\/p>\n\n\n\n<p>\u203c\ufe0f Se emitir\u00e1 certificado de asistencia previa solicitud a <a href=\"mailto:secretaria@afiptisp.org\">secretaria@afiptisp.org<\/a><\/p>\n\n\n\n<p>\ud83d\udd8b\ufe0f\u00a1\u00a1OS ESPERAMOS!!!\ud83d\udcac<\/p>\n\n\n\n<div data-wp-interactive=\"core\/file\" class=\"wp-block-file\"><object data-wp-bind--hidden=\"!state.hasPdfPreview\" hidden class=\"wp-block-file__embed\" data=\"https:\/\/www.afiptisp.org\/wp-content\/uploads\/2026\/05\/Charlas-AFIPTISP-VI.pdf\" type=\"application\/pdf\" style=\"width:100%;height:600px\" aria-label=\"Incrustado de Charlas AFIPTISP VI.\"><\/object><a id=\"wp-block-file--media-604e8694-e466-49be-93c6-f27124e70fb2\" href=\"https:\/\/www.afiptisp.org\/wp-content\/uploads\/2026\/05\/Charlas-AFIPTISP-VI.pdf\">Charlas AFIPTISP VI<\/a><a href=\"https:\/\/www.afiptisp.org\/wp-content\/uploads\/2026\/05\/Charlas-AFIPTISP-VI.pdf\" class=\"wp-block-file__button wp-element-button\" download aria-describedby=\"wp-block-file--media-604e8694-e466-49be-93c6-f27124e70fb2\">Descarga<\/a><\/div>\n<!-- AddThis Advanced Settings generic via filter on the_content --><!-- AddThis Share Buttons generic via filter on the_content -->","protected":false},"excerpt":{"rendered":"<p>Ya tenemos preparada la \u201cCharla de AFIPTISP\u201d de mayo de 2026 \u2665\ufe0f Nos reuniremos con Mara Morelli (Universit\u00e0 degli Studi di Genova) para hablar del proyecto Spark (@spark.ieus), centrado en la comunicaci\u00f3n intercultural en contextos de privaci\u00f3n de libertad. \ud83d\uddd3\ufe0f Martes 12 de mayo \ud83d\udd62 13:00h \ud83d\udce2 Mara Morelli (Universit\u00e0 degli Studi di Genova) \ud83d\udd17 &hellip; <\/p>\n<p class=\"link-more\"><a href=\"https:\/\/www.afiptisp.org\/index.php\/entrevista-a-mara-morelli-12-05-2026\/\" class=\"more-link\">Continuar leyendo<span class=\"screen-reader-text\"> &#8220;Entrevista a Mara Morelli (12\/05\/2026)&#8221;<\/span><\/a><\/p>\n<p><!-- AddThis Advanced Settings generic via filter on get_the_excerpt --><!-- AddThis Share Buttons generic via filter on get_the_excerpt --><\/p>\n","protected":false},"author":1,"featured_media":0,"parent":0,"menu_order":0,"comment_status":"closed","ping_status":"closed","template":"","meta":{"footnotes":""},"class_list":["post-1458","page","type-page","status-publish","hentry"],"yoast_head":"<!-- This site is optimized with the Yoast SEO plugin v27.5 - https:\/\/yoast.com\/product\/yoast-seo-wordpress\/ -->\n<title>Entrevista a Mara Morelli (12\/05\/2026) - ASOCIACI\u00d3N DE FORMADORES, INVESTIGADORES Y PROFESIONALES DE LA TRADUCCI\u00d3N Y LA INTERPRETACI\u00d3N EN LOS SERVICIOS P\u00daBLICOS<\/title>\n<meta name=\"robots\" content=\"index, follow, max-snippet:-1, max-image-preview:large, max-video-preview:-1\" \/>\n<link rel=\"canonical\" href=\"https:\/\/www.afiptisp.org\/index.php\/entrevista-a-mara-morelli-12-05-2026\/\" \/>\n<meta property=\"og:locale\" content=\"es_ES\" \/>\n<meta property=\"og:type\" content=\"article\" \/>\n<meta property=\"og:title\" content=\"Entrevista a Mara Morelli (12\/05\/2026) - ASOCIACI\u00d3N DE FORMADORES, INVESTIGADORES Y PROFESIONALES DE LA TRADUCCI\u00d3N Y LA INTERPRETACI\u00d3N EN LOS SERVICIOS P\u00daBLICOS\" \/>\n<meta property=\"og:description\" content=\"Ya tenemos preparada la \u201cCharla de AFIPTISP\u201d de mayo de 2026 \u2665\ufe0f Nos reuniremos con Mara Morelli (Universit\u00e0 degli Studi di Genova) para hablar del proyecto Spark (@spark.ieus), centrado en la comunicaci\u00f3n intercultural en contextos de privaci\u00f3n de libertad. \ud83d\uddd3\ufe0f Martes 12 de mayo \ud83d\udd62 13:00h \ud83d\udce2 Mara Morelli (Universit\u00e0 degli Studi di Genova) \ud83d\udd17 &hellip; Continuar leyendo &quot;Entrevista a Mara Morelli (12\/05\/2026)&quot;\" \/>\n<meta property=\"og:url\" content=\"https:\/\/www.afiptisp.org\/index.php\/entrevista-a-mara-morelli-12-05-2026\/\" \/>\n<meta property=\"og:site_name\" content=\"ASOCIACI\u00d3N DE FORMADORES, INVESTIGADORES Y PROFESIONALES DE LA TRADUCCI\u00d3N Y LA INTERPRETACI\u00d3N EN LOS SERVICIOS P\u00daBLICOS\" \/>\n<meta property=\"article:modified_time\" content=\"2026-05-04T13:48:19+00:00\" \/>\n<meta name=\"twitter:card\" content=\"summary_large_image\" \/>\n<meta name=\"twitter:label1\" content=\"Tiempo de lectura\" \/>\n\t<meta name=\"twitter:data1\" content=\"1 minuto\" \/>\n<script type=\"application\/ld+json\" class=\"yoast-schema-graph\">{\"@context\":\"https:\\\/\\\/schema.org\",\"@graph\":[{\"@type\":\"WebPage\",\"@id\":\"https:\\\/\\\/www.afiptisp.org\\\/index.php\\\/entrevista-a-mara-morelli-12-05-2026\\\/\",\"url\":\"https:\\\/\\\/www.afiptisp.org\\\/index.php\\\/entrevista-a-mara-morelli-12-05-2026\\\/\",\"name\":\"Entrevista a Mara Morelli (12\\\/05\\\/2026) - ASOCIACI\u00d3N DE FORMADORES, INVESTIGADORES Y PROFESIONALES DE LA TRADUCCI\u00d3N Y LA INTERPRETACI\u00d3N EN LOS SERVICIOS P\u00daBLICOS\",\"isPartOf\":{\"@id\":\"https:\\\/\\\/www.afiptisp.org\\\/#website\"},\"datePublished\":\"2026-05-04T13:48:18+00:00\",\"dateModified\":\"2026-05-04T13:48:19+00:00\",\"breadcrumb\":{\"@id\":\"https:\\\/\\\/www.afiptisp.org\\\/index.php\\\/entrevista-a-mara-morelli-12-05-2026\\\/#breadcrumb\"},\"inLanguage\":\"es\",\"potentialAction\":[{\"@type\":\"ReadAction\",\"target\":[\"https:\\\/\\\/www.afiptisp.org\\\/index.php\\\/entrevista-a-mara-morelli-12-05-2026\\\/\"]}]},{\"@type\":\"BreadcrumbList\",\"@id\":\"https:\\\/\\\/www.afiptisp.org\\\/index.php\\\/entrevista-a-mara-morelli-12-05-2026\\\/#breadcrumb\",\"itemListElement\":[{\"@type\":\"ListItem\",\"position\":1,\"name\":\"Portada\",\"item\":\"https:\\\/\\\/www.afiptisp.org\\\/\"},{\"@type\":\"ListItem\",\"position\":2,\"name\":\"Entrevista a Mara Morelli (12\\\/05\\\/2026)\"}]},{\"@type\":\"WebSite\",\"@id\":\"https:\\\/\\\/www.afiptisp.org\\\/#website\",\"url\":\"https:\\\/\\\/www.afiptisp.org\\\/\",\"name\":\"ASOCIACI\u00d3N DE FORMADORES, INVESTIGADORES Y PROFESIONALES DE LA TRADUCCI\u00d3N Y LA INTERPRETACI\u00d3N EN LOS SERVICIOS P\u00daBLICOS\",\"description\":\"Red V\u00e9rtice: https:\\\/\\\/www.redvertice.org\",\"publisher\":{\"@id\":\"https:\\\/\\\/www.afiptisp.org\\\/#organization\"},\"potentialAction\":[{\"@type\":\"SearchAction\",\"target\":{\"@type\":\"EntryPoint\",\"urlTemplate\":\"https:\\\/\\\/www.afiptisp.org\\\/?s={search_term_string}\"},\"query-input\":{\"@type\":\"PropertyValueSpecification\",\"valueRequired\":true,\"valueName\":\"search_term_string\"}}],\"inLanguage\":\"es\"},{\"@type\":\"Organization\",\"@id\":\"https:\\\/\\\/www.afiptisp.org\\\/#organization\",\"name\":\"ASOCIACI\u00d3N DE FORMADORES, INVESTIGADORES Y PROFESIONALES DE LA TRADUCCI\u00d3N Y LA INTERPRETACI\u00d3N EN LOS SERVICIOS P\u00daBLICOS\",\"url\":\"https:\\\/\\\/www.afiptisp.org\\\/\",\"logo\":{\"@type\":\"ImageObject\",\"inLanguage\":\"es\",\"@id\":\"https:\\\/\\\/www.afiptisp.org\\\/#\\\/schema\\\/logo\\\/image\\\/\",\"url\":\"https:\\\/\\\/www.afiptisp.org\\\/wp-content\\\/uploads\\\/2025\\\/03\\\/cropped-Logo-AFIPTISP.png\",\"contentUrl\":\"https:\\\/\\\/www.afiptisp.org\\\/wp-content\\\/uploads\\\/2025\\\/03\\\/cropped-Logo-AFIPTISP.png\",\"width\":250,\"height\":250,\"caption\":\"ASOCIACI\u00d3N DE FORMADORES, INVESTIGADORES Y PROFESIONALES DE LA TRADUCCI\u00d3N Y LA INTERPRETACI\u00d3N EN LOS SERVICIOS P\u00daBLICOS\"},\"image\":{\"@id\":\"https:\\\/\\\/www.afiptisp.org\\\/#\\\/schema\\\/logo\\\/image\\\/\"}}]}<\/script>\n<!-- \/ Yoast SEO plugin. -->","yoast_head_json":{"title":"Entrevista a Mara Morelli (12\/05\/2026) - ASOCIACI\u00d3N DE FORMADORES, INVESTIGADORES Y PROFESIONALES DE LA TRADUCCI\u00d3N Y LA INTERPRETACI\u00d3N EN LOS SERVICIOS P\u00daBLICOS","robots":{"index":"index","follow":"follow","max-snippet":"max-snippet:-1","max-image-preview":"max-image-preview:large","max-video-preview":"max-video-preview:-1"},"canonical":"https:\/\/www.afiptisp.org\/index.php\/entrevista-a-mara-morelli-12-05-2026\/","og_locale":"es_ES","og_type":"article","og_title":"Entrevista a Mara Morelli (12\/05\/2026) - ASOCIACI\u00d3N DE FORMADORES, INVESTIGADORES Y PROFESIONALES DE LA TRADUCCI\u00d3N Y LA INTERPRETACI\u00d3N EN LOS SERVICIOS P\u00daBLICOS","og_description":"Ya tenemos preparada la \u201cCharla de AFIPTISP\u201d de mayo de 2026 \u2665\ufe0f Nos reuniremos con Mara Morelli (Universit\u00e0 degli Studi di Genova) para hablar del proyecto Spark (@spark.ieus), centrado en la comunicaci\u00f3n intercultural en contextos de privaci\u00f3n de libertad. \ud83d\uddd3\ufe0f Martes 12 de mayo \ud83d\udd62 13:00h \ud83d\udce2 Mara Morelli (Universit\u00e0 degli Studi di Genova) \ud83d\udd17 &hellip; Continuar leyendo \"Entrevista a Mara Morelli (12\/05\/2026)\"","og_url":"https:\/\/www.afiptisp.org\/index.php\/entrevista-a-mara-morelli-12-05-2026\/","og_site_name":"ASOCIACI\u00d3N DE FORMADORES, INVESTIGADORES Y PROFESIONALES DE LA TRADUCCI\u00d3N Y LA INTERPRETACI\u00d3N EN LOS SERVICIOS P\u00daBLICOS","article_modified_time":"2026-05-04T13:48:19+00:00","twitter_card":"summary_large_image","twitter_misc":{"Tiempo de lectura":"1 minuto"},"schema":{"@context":"https:\/\/schema.org","@graph":[{"@type":"WebPage","@id":"https:\/\/www.afiptisp.org\/index.php\/entrevista-a-mara-morelli-12-05-2026\/","url":"https:\/\/www.afiptisp.org\/index.php\/entrevista-a-mara-morelli-12-05-2026\/","name":"Entrevista a Mara Morelli (12\/05\/2026) - ASOCIACI\u00d3N DE FORMADORES, INVESTIGADORES Y PROFESIONALES DE LA TRADUCCI\u00d3N Y LA INTERPRETACI\u00d3N EN LOS SERVICIOS P\u00daBLICOS","isPartOf":{"@id":"https:\/\/www.afiptisp.org\/#website"},"datePublished":"2026-05-04T13:48:18+00:00","dateModified":"2026-05-04T13:48:19+00:00","breadcrumb":{"@id":"https:\/\/www.afiptisp.org\/index.php\/entrevista-a-mara-morelli-12-05-2026\/#breadcrumb"},"inLanguage":"es","potentialAction":[{"@type":"ReadAction","target":["https:\/\/www.afiptisp.org\/index.php\/entrevista-a-mara-morelli-12-05-2026\/"]}]},{"@type":"BreadcrumbList","@id":"https:\/\/www.afiptisp.org\/index.php\/entrevista-a-mara-morelli-12-05-2026\/#breadcrumb","itemListElement":[{"@type":"ListItem","position":1,"name":"Portada","item":"https:\/\/www.afiptisp.org\/"},{"@type":"ListItem","position":2,"name":"Entrevista a Mara Morelli (12\/05\/2026)"}]},{"@type":"WebSite","@id":"https:\/\/www.afiptisp.org\/#website","url":"https:\/\/www.afiptisp.org\/","name":"ASOCIACI\u00d3N DE FORMADORES, INVESTIGADORES Y PROFESIONALES DE LA TRADUCCI\u00d3N Y LA INTERPRETACI\u00d3N EN LOS SERVICIOS P\u00daBLICOS","description":"Red V\u00e9rtice: https:\/\/www.redvertice.org","publisher":{"@id":"https:\/\/www.afiptisp.org\/#organization"},"potentialAction":[{"@type":"SearchAction","target":{"@type":"EntryPoint","urlTemplate":"https:\/\/www.afiptisp.org\/?s={search_term_string}"},"query-input":{"@type":"PropertyValueSpecification","valueRequired":true,"valueName":"search_term_string"}}],"inLanguage":"es"},{"@type":"Organization","@id":"https:\/\/www.afiptisp.org\/#organization","name":"ASOCIACI\u00d3N DE FORMADORES, INVESTIGADORES Y PROFESIONALES DE LA TRADUCCI\u00d3N Y LA INTERPRETACI\u00d3N EN LOS SERVICIOS P\u00daBLICOS","url":"https:\/\/www.afiptisp.org\/","logo":{"@type":"ImageObject","inLanguage":"es","@id":"https:\/\/www.afiptisp.org\/#\/schema\/logo\/image\/","url":"https:\/\/www.afiptisp.org\/wp-content\/uploads\/2025\/03\/cropped-Logo-AFIPTISP.png","contentUrl":"https:\/\/www.afiptisp.org\/wp-content\/uploads\/2025\/03\/cropped-Logo-AFIPTISP.png","width":250,"height":250,"caption":"ASOCIACI\u00d3N DE FORMADORES, INVESTIGADORES Y PROFESIONALES DE LA TRADUCCI\u00d3N Y LA INTERPRETACI\u00d3N EN LOS SERVICIOS P\u00daBLICOS"},"image":{"@id":"https:\/\/www.afiptisp.org\/#\/schema\/logo\/image\/"}}]}},"_links":{"self":[{"href":"https:\/\/www.afiptisp.org\/index.php\/wp-json\/wp\/v2\/pages\/1458","targetHints":{"allow":["GET"]}}],"collection":[{"href":"https:\/\/www.afiptisp.org\/index.php\/wp-json\/wp\/v2\/pages"}],"about":[{"href":"https:\/\/www.afiptisp.org\/index.php\/wp-json\/wp\/v2\/types\/page"}],"author":[{"embeddable":true,"href":"https:\/\/www.afiptisp.org\/index.php\/wp-json\/wp\/v2\/users\/1"}],"replies":[{"embeddable":true,"href":"https:\/\/www.afiptisp.org\/index.php\/wp-json\/wp\/v2\/comments?post=1458"}],"version-history":[{"count":1,"href":"https:\/\/www.afiptisp.org\/index.php\/wp-json\/wp\/v2\/pages\/1458\/revisions"}],"predecessor-version":[{"id":1460,"href":"https:\/\/www.afiptisp.org\/index.php\/wp-json\/wp\/v2\/pages\/1458\/revisions\/1460"}],"wp:attachment":[{"href":"https:\/\/www.afiptisp.org\/index.php\/wp-json\/wp\/v2\/media?parent=1458"}],"curies":[{"name":"wp","href":"https:\/\/api.w.org\/{rel}","templated":true}]}}