{"id":1465,"date":"2026-05-04T14:01:07","date_gmt":"2026-05-04T14:01:07","guid":{"rendered":"https:\/\/www.afiptisp.org\/?page_id=1465"},"modified":"2026-05-04T14:01:08","modified_gmt":"2026-05-04T14:01:08","slug":"where-can-i-find-psit-training-in-spain","status":"publish","type":"page","link":"https:\/\/www.afiptisp.org\/index.php\/en\/where-can-i-find-psit-training-in-spain\/","title":{"rendered":"Where can I find PSIT training in Spain?"},"content":{"rendered":"\n<p>Although it is still a relatively new field, it is already possible to find training programs in PSIT at higher education institutions.<\/p>\n\n\n\n<p>University of Alcal\u00e1: <a href=\"https:\/\/uahmastercitisp.es\">Master\u2019s Degree in Intercultural Communication, Interpreting and Translation in Public Services.<\/a><\/p>\n\n\n\n<p>University of Salamanca: <a href=\"http:\/\/www.usal.es\/webusal\/node\/352\">Master\u2019s Degree in Translation and Intercultural Mediation.<\/a><\/p>\n\n\n\n<p>Rovira i Virgili University: <a href=\"http:\/\/www.urv.cat\/masters_oficials\/es_translation.html\">Master\u2019s Degree in Translation and Intercultural Studies.<\/a><\/p>\n\n\n\n<p>University of La Laguna: <a href=\"http:\/\/EUTISC Experto universitario en traducci\u00f3n e interpretaci\u00f3n para los servicios comunitarios.\">EUTISC University Expert in Translation and Interpreting for Community Services.<\/a><\/p>\n<!-- AddThis Advanced Settings generic via filter on the_content --><!-- AddThis Share Buttons generic via filter on the_content -->","protected":false},"excerpt":{"rendered":"<p>Although it is still a relatively new field, it is already possible to find training programs in PSIT at higher education institutions. University of Alcal\u00e1: Master\u2019s Degree in Intercultural Communication, Interpreting and Translation in Public Services. University of Salamanca: Master\u2019s Degree in Translation and Intercultural Mediation. Rovira i Virgili University: Master\u2019s Degree in Translation and &hellip; <\/p>\n<p class=\"link-more\"><a href=\"https:\/\/www.afiptisp.org\/index.php\/en\/where-can-i-find-psit-training-in-spain\/\" class=\"more-link\">Continuar leyendo<span class=\"screen-reader-text\"> &#8220;Where can I find PSIT training in Spain?&#8221;<\/span><\/a><\/p>\n<p><!-- AddThis Advanced Settings generic via filter on get_the_excerpt --><!-- AddThis Share Buttons generic via filter on get_the_excerpt --><\/p>\n","protected":false},"author":1,"featured_media":0,"parent":0,"menu_order":0,"comment_status":"closed","ping_status":"closed","template":"","meta":{"footnotes":""},"class_list":["post-1465","page","type-page","status-publish","hentry"],"yoast_head":"<!-- This site is optimized with the Yoast SEO plugin v27.6 - https:\/\/yoast.com\/product\/yoast-seo-wordpress\/ -->\n<title>Where can I find PSIT training in Spain? - ASOCIACI\u00d3N DE FORMADORES, INVESTIGADORES Y PROFESIONALES DE LA TRADUCCI\u00d3N Y LA INTERPRETACI\u00d3N EN LOS SERVICIOS P\u00daBLICOS<\/title>\n<meta name=\"description\" content=\"Si buscas d\u00f3nde formarte en TISP este es el sitio que necesitas. Entra y te contaremos todo lo que necesitas saber.\" \/>\n<meta name=\"robots\" content=\"index, follow, max-snippet:-1, max-image-preview:large, max-video-preview:-1\" \/>\n<link rel=\"canonical\" href=\"https:\/\/www.afiptisp.org\/index.php\/en\/where-can-i-find-psit-training-in-spain\/\" \/>\n<meta property=\"og:locale\" content=\"es_ES\" \/>\n<meta property=\"og:type\" content=\"article\" \/>\n<meta property=\"og:title\" content=\"Where can I find PSIT training in Spain? - ASOCIACI\u00d3N DE FORMADORES, INVESTIGADORES Y PROFESIONALES DE LA TRADUCCI\u00d3N Y LA INTERPRETACI\u00d3N EN LOS SERVICIOS P\u00daBLICOS\" \/>\n<meta property=\"og:description\" content=\"Si buscas d\u00f3nde formarte en TISP este es el sitio que necesitas. Entra y te contaremos todo lo que necesitas saber.\" \/>\n<meta property=\"og:url\" content=\"https:\/\/www.afiptisp.org\/index.php\/en\/where-can-i-find-psit-training-in-spain\/\" \/>\n<meta property=\"og:site_name\" content=\"ASOCIACI\u00d3N DE FORMADORES, INVESTIGADORES Y PROFESIONALES DE LA TRADUCCI\u00d3N Y LA INTERPRETACI\u00d3N EN LOS SERVICIOS P\u00daBLICOS\" \/>\n<meta property=\"article:modified_time\" content=\"2026-05-04T14:01:08+00:00\" \/>\n<meta name=\"twitter:card\" content=\"summary_large_image\" \/>\n<meta name=\"twitter:label1\" content=\"Tiempo de lectura\" \/>\n\t<meta name=\"twitter:data1\" content=\"1 minuto\" \/>\n<script type=\"application\/ld+json\" class=\"yoast-schema-graph\">{\"@context\":\"https:\\\/\\\/schema.org\",\"@graph\":[{\"@type\":\"WebPage\",\"@id\":\"https:\\\/\\\/www.afiptisp.org\\\/index.php\\\/en\\\/where-can-i-find-psit-training-in-spain\\\/\",\"url\":\"https:\\\/\\\/www.afiptisp.org\\\/index.php\\\/en\\\/where-can-i-find-psit-training-in-spain\\\/\",\"name\":\"Where can I find PSIT training in Spain? - ASOCIACI\u00d3N DE FORMADORES, INVESTIGADORES Y PROFESIONALES DE LA TRADUCCI\u00d3N Y LA INTERPRETACI\u00d3N EN LOS SERVICIOS P\u00daBLICOS\",\"isPartOf\":{\"@id\":\"https:\\\/\\\/www.afiptisp.org\\\/#website\"},\"datePublished\":\"2026-05-04T14:01:07+00:00\",\"dateModified\":\"2026-05-04T14:01:08+00:00\",\"description\":\"Si buscas d\u00f3nde formarte en TISP este es el sitio que necesitas. Entra y te contaremos todo lo que necesitas saber.\",\"breadcrumb\":{\"@id\":\"https:\\\/\\\/www.afiptisp.org\\\/index.php\\\/en\\\/where-can-i-find-psit-training-in-spain\\\/#breadcrumb\"},\"inLanguage\":\"es\",\"potentialAction\":[{\"@type\":\"ReadAction\",\"target\":[\"https:\\\/\\\/www.afiptisp.org\\\/index.php\\\/en\\\/where-can-i-find-psit-training-in-spain\\\/\"]}]},{\"@type\":\"BreadcrumbList\",\"@id\":\"https:\\\/\\\/www.afiptisp.org\\\/index.php\\\/en\\\/where-can-i-find-psit-training-in-spain\\\/#breadcrumb\",\"itemListElement\":[{\"@type\":\"ListItem\",\"position\":1,\"name\":\"Portada\",\"item\":\"https:\\\/\\\/www.afiptisp.org\\\/\"},{\"@type\":\"ListItem\",\"position\":2,\"name\":\"Where can I find PSIT training in Spain?\"}]},{\"@type\":\"WebSite\",\"@id\":\"https:\\\/\\\/www.afiptisp.org\\\/#website\",\"url\":\"https:\\\/\\\/www.afiptisp.org\\\/\",\"name\":\"ASOCIACI\u00d3N DE FORMADORES, INVESTIGADORES Y PROFESIONALES DE LA TRADUCCI\u00d3N Y LA INTERPRETACI\u00d3N EN LOS SERVICIOS P\u00daBLICOS\",\"description\":\"Red V\u00e9rtice: https:\\\/\\\/www.redvertice.org\",\"publisher\":{\"@id\":\"https:\\\/\\\/www.afiptisp.org\\\/#organization\"},\"potentialAction\":[{\"@type\":\"SearchAction\",\"target\":{\"@type\":\"EntryPoint\",\"urlTemplate\":\"https:\\\/\\\/www.afiptisp.org\\\/?s={search_term_string}\"},\"query-input\":{\"@type\":\"PropertyValueSpecification\",\"valueRequired\":true,\"valueName\":\"search_term_string\"}}],\"inLanguage\":\"es\"},{\"@type\":\"Organization\",\"@id\":\"https:\\\/\\\/www.afiptisp.org\\\/#organization\",\"name\":\"ASOCIACI\u00d3N DE FORMADORES, INVESTIGADORES Y PROFESIONALES DE LA TRADUCCI\u00d3N Y LA INTERPRETACI\u00d3N EN LOS SERVICIOS P\u00daBLICOS\",\"url\":\"https:\\\/\\\/www.afiptisp.org\\\/\",\"logo\":{\"@type\":\"ImageObject\",\"inLanguage\":\"es\",\"@id\":\"https:\\\/\\\/www.afiptisp.org\\\/#\\\/schema\\\/logo\\\/image\\\/\",\"url\":\"https:\\\/\\\/www.afiptisp.org\\\/wp-content\\\/uploads\\\/2025\\\/03\\\/cropped-Logo-AFIPTISP.png\",\"contentUrl\":\"https:\\\/\\\/www.afiptisp.org\\\/wp-content\\\/uploads\\\/2025\\\/03\\\/cropped-Logo-AFIPTISP.png\",\"width\":250,\"height\":250,\"caption\":\"ASOCIACI\u00d3N DE FORMADORES, INVESTIGADORES Y PROFESIONALES DE LA TRADUCCI\u00d3N Y LA INTERPRETACI\u00d3N EN LOS SERVICIOS P\u00daBLICOS\"},\"image\":{\"@id\":\"https:\\\/\\\/www.afiptisp.org\\\/#\\\/schema\\\/logo\\\/image\\\/\"}}]}<\/script>\n<!-- \/ Yoast SEO plugin. -->","yoast_head_json":{"title":"Where can I find PSIT training in Spain? - ASOCIACI\u00d3N DE FORMADORES, INVESTIGADORES Y PROFESIONALES DE LA TRADUCCI\u00d3N Y LA INTERPRETACI\u00d3N EN LOS SERVICIOS P\u00daBLICOS","description":"Si buscas d\u00f3nde formarte en TISP este es el sitio que necesitas. Entra y te contaremos todo lo que necesitas saber.","robots":{"index":"index","follow":"follow","max-snippet":"max-snippet:-1","max-image-preview":"max-image-preview:large","max-video-preview":"max-video-preview:-1"},"canonical":"https:\/\/www.afiptisp.org\/index.php\/en\/where-can-i-find-psit-training-in-spain\/","og_locale":"es_ES","og_type":"article","og_title":"Where can I find PSIT training in Spain? - ASOCIACI\u00d3N DE FORMADORES, INVESTIGADORES Y PROFESIONALES DE LA TRADUCCI\u00d3N Y LA INTERPRETACI\u00d3N EN LOS SERVICIOS P\u00daBLICOS","og_description":"Si buscas d\u00f3nde formarte en TISP este es el sitio que necesitas. Entra y te contaremos todo lo que necesitas saber.","og_url":"https:\/\/www.afiptisp.org\/index.php\/en\/where-can-i-find-psit-training-in-spain\/","og_site_name":"ASOCIACI\u00d3N DE FORMADORES, INVESTIGADORES Y PROFESIONALES DE LA TRADUCCI\u00d3N Y LA INTERPRETACI\u00d3N EN LOS SERVICIOS P\u00daBLICOS","article_modified_time":"2026-05-04T14:01:08+00:00","twitter_card":"summary_large_image","twitter_misc":{"Tiempo de lectura":"1 minuto"},"schema":{"@context":"https:\/\/schema.org","@graph":[{"@type":"WebPage","@id":"https:\/\/www.afiptisp.org\/index.php\/en\/where-can-i-find-psit-training-in-spain\/","url":"https:\/\/www.afiptisp.org\/index.php\/en\/where-can-i-find-psit-training-in-spain\/","name":"Where can I find PSIT training in Spain? - ASOCIACI\u00d3N DE FORMADORES, INVESTIGADORES Y PROFESIONALES DE LA TRADUCCI\u00d3N Y LA INTERPRETACI\u00d3N EN LOS SERVICIOS P\u00daBLICOS","isPartOf":{"@id":"https:\/\/www.afiptisp.org\/#website"},"datePublished":"2026-05-04T14:01:07+00:00","dateModified":"2026-05-04T14:01:08+00:00","description":"Si buscas d\u00f3nde formarte en TISP este es el sitio que necesitas. Entra y te contaremos todo lo que necesitas saber.","breadcrumb":{"@id":"https:\/\/www.afiptisp.org\/index.php\/en\/where-can-i-find-psit-training-in-spain\/#breadcrumb"},"inLanguage":"es","potentialAction":[{"@type":"ReadAction","target":["https:\/\/www.afiptisp.org\/index.php\/en\/where-can-i-find-psit-training-in-spain\/"]}]},{"@type":"BreadcrumbList","@id":"https:\/\/www.afiptisp.org\/index.php\/en\/where-can-i-find-psit-training-in-spain\/#breadcrumb","itemListElement":[{"@type":"ListItem","position":1,"name":"Portada","item":"https:\/\/www.afiptisp.org\/"},{"@type":"ListItem","position":2,"name":"Where can I find PSIT training in Spain?"}]},{"@type":"WebSite","@id":"https:\/\/www.afiptisp.org\/#website","url":"https:\/\/www.afiptisp.org\/","name":"ASOCIACI\u00d3N DE FORMADORES, INVESTIGADORES Y PROFESIONALES DE LA TRADUCCI\u00d3N Y LA INTERPRETACI\u00d3N EN LOS SERVICIOS P\u00daBLICOS","description":"Red V\u00e9rtice: https:\/\/www.redvertice.org","publisher":{"@id":"https:\/\/www.afiptisp.org\/#organization"},"potentialAction":[{"@type":"SearchAction","target":{"@type":"EntryPoint","urlTemplate":"https:\/\/www.afiptisp.org\/?s={search_term_string}"},"query-input":{"@type":"PropertyValueSpecification","valueRequired":true,"valueName":"search_term_string"}}],"inLanguage":"es"},{"@type":"Organization","@id":"https:\/\/www.afiptisp.org\/#organization","name":"ASOCIACI\u00d3N DE FORMADORES, INVESTIGADORES Y PROFESIONALES DE LA TRADUCCI\u00d3N Y LA INTERPRETACI\u00d3N EN LOS SERVICIOS P\u00daBLICOS","url":"https:\/\/www.afiptisp.org\/","logo":{"@type":"ImageObject","inLanguage":"es","@id":"https:\/\/www.afiptisp.org\/#\/schema\/logo\/image\/","url":"https:\/\/www.afiptisp.org\/wp-content\/uploads\/2025\/03\/cropped-Logo-AFIPTISP.png","contentUrl":"https:\/\/www.afiptisp.org\/wp-content\/uploads\/2025\/03\/cropped-Logo-AFIPTISP.png","width":250,"height":250,"caption":"ASOCIACI\u00d3N DE FORMADORES, INVESTIGADORES Y PROFESIONALES DE LA TRADUCCI\u00d3N Y LA INTERPRETACI\u00d3N EN LOS SERVICIOS P\u00daBLICOS"},"image":{"@id":"https:\/\/www.afiptisp.org\/#\/schema\/logo\/image\/"}}]}},"_links":{"self":[{"href":"https:\/\/www.afiptisp.org\/index.php\/wp-json\/wp\/v2\/pages\/1465","targetHints":{"allow":["GET"]}}],"collection":[{"href":"https:\/\/www.afiptisp.org\/index.php\/wp-json\/wp\/v2\/pages"}],"about":[{"href":"https:\/\/www.afiptisp.org\/index.php\/wp-json\/wp\/v2\/types\/page"}],"author":[{"embeddable":true,"href":"https:\/\/www.afiptisp.org\/index.php\/wp-json\/wp\/v2\/users\/1"}],"replies":[{"embeddable":true,"href":"https:\/\/www.afiptisp.org\/index.php\/wp-json\/wp\/v2\/comments?post=1465"}],"version-history":[{"count":1,"href":"https:\/\/www.afiptisp.org\/index.php\/wp-json\/wp\/v2\/pages\/1465\/revisions"}],"predecessor-version":[{"id":1466,"href":"https:\/\/www.afiptisp.org\/index.php\/wp-json\/wp\/v2\/pages\/1465\/revisions\/1466"}],"wp:attachment":[{"href":"https:\/\/www.afiptisp.org\/index.php\/wp-json\/wp\/v2\/media?parent=1465"}],"curies":[{"name":"wp","href":"https:\/\/api.w.org\/{rel}","templated":true}]}}