{"id":1482,"date":"2026-05-04T14:32:50","date_gmt":"2026-05-04T14:32:50","guid":{"rendered":"https:\/\/www.afiptisp.org\/?page_id=1482"},"modified":"2026-05-04T14:32:51","modified_gmt":"2026-05-04T14:32:51","slug":"what-do-we-do","status":"publish","type":"page","link":"https:\/\/www.afiptisp.org\/index.php\/en\/what-do-we-do\/","title":{"rendered":"What do we do?"},"content":{"rendered":"\n<ul class=\"wp-block-list\">\n<li><strong>We promote training in PSIT<\/strong><\/li>\n<\/ul>\n\n\n\n<ul class=\"wp-block-list\">\n<li>Talks, seminars, conferences and activities.<\/li>\n\n\n\n<li>Free attendance for members.<\/li>\n\n\n\n<li>Certificate of attendance for members.<\/li>\n<\/ul>\n\n\n<div class=\"wp-block-image\">\n<figure class=\"aligncenter size-full is-resized\"><img loading=\"lazy\" decoding=\"async\" width=\"924\" height=\"417\" src=\"https:\/\/www.afiptisp.org\/wp-content\/uploads\/2026\/02\/image-5.png\" alt=\"\" class=\"wp-image-1326\" style=\"aspect-ratio:2.2158524682796528;width:585px;height:auto\" srcset=\"https:\/\/www.afiptisp.org\/wp-content\/uploads\/2026\/02\/image-5.png 924w, https:\/\/www.afiptisp.org\/wp-content\/uploads\/2026\/02\/image-5-300x135.png 300w, https:\/\/www.afiptisp.org\/wp-content\/uploads\/2026\/02\/image-5-768x347.png 768w\" sizes=\"auto, (max-width: 767px) 89vw, (max-width: 1000px) 54vw, (max-width: 1071px) 543px, 580px\" \/><\/figure>\n<\/div>\n\n\n<ul class=\"wp-block-list\">\n<li><strong>We take part in projects<\/strong><\/li>\n<\/ul>\n\n\n\n<ul class=\"wp-block-list\">\n<li>Research projects.<\/li>\n\n\n\n<li>National and international initiatives.<\/li>\n<\/ul>\n\n\n\n<ul class=\"wp-block-list\">\n<li><strong>We are part of the <a href=\"https:\/\/www.redvertice.org\/\">Red V\u00e9rtice<\/a> network<\/strong><\/li>\n<\/ul>\n\n\n\n<p>The <a href=\"https:\/\/www.redvertice.org\/\">Red V\u00e9rtic<\/a>e network brings together associations of translation, interpreting and proofreading professionals based in Spain to:<\/p>\n\n\n\n<ul class=\"wp-block-list\">\n<li>Share industry information.<\/li>\n\n\n\n<li>Promote activities, courses and events.<\/li>\n\n\n\n<li>Exchange best practices.<\/li>\n\n\n\n<li>Coordinate positions and joint actions.<\/li>\n\n\n\n<li>Defend professional standards against abusive and unregulated practices.<\/li>\n<\/ul>\n\n\n\n<ul class=\"wp-block-list\">\n<li><strong>We raise awareness about PSIT<\/strong><\/li>\n<\/ul>\n\n\n\n<ul class=\"wp-block-list\">\n<li>Publications<\/li>\n\n\n\n<li>Participation in events<\/li>\n\n\n\n<li>Social media outreach<\/li>\n<\/ul>\n\n\n\n<figure class=\"wp-block-image size-full\"><img loading=\"lazy\" decoding=\"async\" width=\"740\" height=\"263\" src=\"https:\/\/www.afiptisp.org\/wp-content\/uploads\/2026\/02\/image-6.png\" alt=\"\" class=\"wp-image-1327\" srcset=\"https:\/\/www.afiptisp.org\/wp-content\/uploads\/2026\/02\/image-6.png 740w, https:\/\/www.afiptisp.org\/wp-content\/uploads\/2026\/02\/image-6-300x107.png 300w\" sizes=\"auto, (max-width: 706px) 89vw, (max-width: 767px) 82vw, 740px\" \/><\/figure>\n\n\n\n<p><\/p>\n<!-- AddThis Advanced Settings generic via filter on the_content --><!-- AddThis Share Buttons generic via filter on the_content -->","protected":false},"excerpt":{"rendered":"<p>The Red V\u00e9rtice network brings together associations of translation, interpreting and proofreading professionals based in Spain to:<!-- AddThis Advanced Settings generic via filter on get_the_excerpt --><!-- AddThis Share Buttons generic via filter on get_the_excerpt --><\/p>\n","protected":false},"author":1,"featured_media":0,"parent":0,"menu_order":0,"comment_status":"closed","ping_status":"closed","template":"","meta":{"footnotes":""},"class_list":["post-1482","page","type-page","status-publish","hentry"],"yoast_head":"<!-- This site is optimized with the Yoast SEO plugin v27.6 - https:\/\/yoast.com\/product\/yoast-seo-wordpress\/ -->\n<title>What do we do? - ASOCIACI\u00d3N DE FORMADORES, INVESTIGADORES Y PROFESIONALES DE LA TRADUCCI\u00d3N Y LA INTERPRETACI\u00d3N EN LOS SERVICIOS P\u00daBLICOS<\/title>\n<meta name=\"robots\" content=\"index, follow, max-snippet:-1, max-image-preview:large, max-video-preview:-1\" \/>\n<link rel=\"canonical\" href=\"https:\/\/www.afiptisp.org\/index.php\/en\/what-do-we-do\/\" \/>\n<meta property=\"og:locale\" content=\"es_ES\" \/>\n<meta property=\"og:type\" content=\"article\" \/>\n<meta property=\"og:title\" content=\"What do we do? - ASOCIACI\u00d3N DE FORMADORES, INVESTIGADORES Y PROFESIONALES DE LA TRADUCCI\u00d3N Y LA INTERPRETACI\u00d3N EN LOS SERVICIOS P\u00daBLICOS\" \/>\n<meta property=\"og:description\" content=\"The Red V\u00e9rtice network brings together associations of translation, interpreting and proofreading professionals based in Spain to:\" \/>\n<meta property=\"og:url\" content=\"https:\/\/www.afiptisp.org\/index.php\/en\/what-do-we-do\/\" \/>\n<meta property=\"og:site_name\" content=\"ASOCIACI\u00d3N DE FORMADORES, INVESTIGADORES Y PROFESIONALES DE LA TRADUCCI\u00d3N Y LA INTERPRETACI\u00d3N EN LOS SERVICIOS P\u00daBLICOS\" \/>\n<meta property=\"article:modified_time\" content=\"2026-05-04T14:32:51+00:00\" \/>\n<meta property=\"og:image\" content=\"https:\/\/www.afiptisp.org\/wp-content\/uploads\/2026\/02\/image-5.png\" \/>\n\t<meta property=\"og:image:width\" content=\"924\" \/>\n\t<meta property=\"og:image:height\" content=\"417\" \/>\n\t<meta property=\"og:image:type\" content=\"image\/png\" \/>\n<meta name=\"twitter:card\" content=\"summary_large_image\" \/>\n<meta name=\"twitter:label1\" content=\"Tiempo de lectura\" \/>\n\t<meta name=\"twitter:data1\" content=\"1 minuto\" \/>\n<script type=\"application\/ld+json\" class=\"yoast-schema-graph\">{\"@context\":\"https:\\\/\\\/schema.org\",\"@graph\":[{\"@type\":\"WebPage\",\"@id\":\"https:\\\/\\\/www.afiptisp.org\\\/index.php\\\/en\\\/what-do-we-do\\\/\",\"url\":\"https:\\\/\\\/www.afiptisp.org\\\/index.php\\\/en\\\/what-do-we-do\\\/\",\"name\":\"What do we do? - ASOCIACI\u00d3N DE FORMADORES, INVESTIGADORES Y PROFESIONALES DE LA TRADUCCI\u00d3N Y LA INTERPRETACI\u00d3N EN LOS SERVICIOS P\u00daBLICOS\",\"isPartOf\":{\"@id\":\"https:\\\/\\\/www.afiptisp.org\\\/#website\"},\"primaryImageOfPage\":{\"@id\":\"https:\\\/\\\/www.afiptisp.org\\\/index.php\\\/en\\\/what-do-we-do\\\/#primaryimage\"},\"image\":{\"@id\":\"https:\\\/\\\/www.afiptisp.org\\\/index.php\\\/en\\\/what-do-we-do\\\/#primaryimage\"},\"thumbnailUrl\":\"https:\\\/\\\/www.afiptisp.org\\\/wp-content\\\/uploads\\\/2026\\\/02\\\/image-5.png\",\"datePublished\":\"2026-05-04T14:32:50+00:00\",\"dateModified\":\"2026-05-04T14:32:51+00:00\",\"breadcrumb\":{\"@id\":\"https:\\\/\\\/www.afiptisp.org\\\/index.php\\\/en\\\/what-do-we-do\\\/#breadcrumb\"},\"inLanguage\":\"es\",\"potentialAction\":[{\"@type\":\"ReadAction\",\"target\":[\"https:\\\/\\\/www.afiptisp.org\\\/index.php\\\/en\\\/what-do-we-do\\\/\"]}]},{\"@type\":\"ImageObject\",\"inLanguage\":\"es\",\"@id\":\"https:\\\/\\\/www.afiptisp.org\\\/index.php\\\/en\\\/what-do-we-do\\\/#primaryimage\",\"url\":\"https:\\\/\\\/www.afiptisp.org\\\/wp-content\\\/uploads\\\/2026\\\/02\\\/image-5.png\",\"contentUrl\":\"https:\\\/\\\/www.afiptisp.org\\\/wp-content\\\/uploads\\\/2026\\\/02\\\/image-5.png\",\"width\":924,\"height\":417},{\"@type\":\"BreadcrumbList\",\"@id\":\"https:\\\/\\\/www.afiptisp.org\\\/index.php\\\/en\\\/what-do-we-do\\\/#breadcrumb\",\"itemListElement\":[{\"@type\":\"ListItem\",\"position\":1,\"name\":\"Portada\",\"item\":\"https:\\\/\\\/www.afiptisp.org\\\/\"},{\"@type\":\"ListItem\",\"position\":2,\"name\":\"What do we do?\"}]},{\"@type\":\"WebSite\",\"@id\":\"https:\\\/\\\/www.afiptisp.org\\\/#website\",\"url\":\"https:\\\/\\\/www.afiptisp.org\\\/\",\"name\":\"ASOCIACI\u00d3N DE FORMADORES, INVESTIGADORES Y PROFESIONALES DE LA TRADUCCI\u00d3N Y LA INTERPRETACI\u00d3N EN LOS SERVICIOS P\u00daBLICOS\",\"description\":\"Red V\u00e9rtice: https:\\\/\\\/www.redvertice.org\",\"publisher\":{\"@id\":\"https:\\\/\\\/www.afiptisp.org\\\/#organization\"},\"potentialAction\":[{\"@type\":\"SearchAction\",\"target\":{\"@type\":\"EntryPoint\",\"urlTemplate\":\"https:\\\/\\\/www.afiptisp.org\\\/?s={search_term_string}\"},\"query-input\":{\"@type\":\"PropertyValueSpecification\",\"valueRequired\":true,\"valueName\":\"search_term_string\"}}],\"inLanguage\":\"es\"},{\"@type\":\"Organization\",\"@id\":\"https:\\\/\\\/www.afiptisp.org\\\/#organization\",\"name\":\"ASOCIACI\u00d3N DE FORMADORES, INVESTIGADORES Y PROFESIONALES DE LA TRADUCCI\u00d3N Y LA INTERPRETACI\u00d3N EN LOS SERVICIOS P\u00daBLICOS\",\"url\":\"https:\\\/\\\/www.afiptisp.org\\\/\",\"logo\":{\"@type\":\"ImageObject\",\"inLanguage\":\"es\",\"@id\":\"https:\\\/\\\/www.afiptisp.org\\\/#\\\/schema\\\/logo\\\/image\\\/\",\"url\":\"https:\\\/\\\/www.afiptisp.org\\\/wp-content\\\/uploads\\\/2025\\\/03\\\/cropped-Logo-AFIPTISP.png\",\"contentUrl\":\"https:\\\/\\\/www.afiptisp.org\\\/wp-content\\\/uploads\\\/2025\\\/03\\\/cropped-Logo-AFIPTISP.png\",\"width\":250,\"height\":250,\"caption\":\"ASOCIACI\u00d3N DE FORMADORES, INVESTIGADORES Y PROFESIONALES DE LA TRADUCCI\u00d3N Y LA INTERPRETACI\u00d3N EN LOS SERVICIOS P\u00daBLICOS\"},\"image\":{\"@id\":\"https:\\\/\\\/www.afiptisp.org\\\/#\\\/schema\\\/logo\\\/image\\\/\"}}]}<\/script>\n<!-- \/ Yoast SEO plugin. -->","yoast_head_json":{"title":"What do we do? - ASOCIACI\u00d3N DE FORMADORES, INVESTIGADORES Y PROFESIONALES DE LA TRADUCCI\u00d3N Y LA INTERPRETACI\u00d3N EN LOS SERVICIOS P\u00daBLICOS","robots":{"index":"index","follow":"follow","max-snippet":"max-snippet:-1","max-image-preview":"max-image-preview:large","max-video-preview":"max-video-preview:-1"},"canonical":"https:\/\/www.afiptisp.org\/index.php\/en\/what-do-we-do\/","og_locale":"es_ES","og_type":"article","og_title":"What do we do? - ASOCIACI\u00d3N DE FORMADORES, INVESTIGADORES Y PROFESIONALES DE LA TRADUCCI\u00d3N Y LA INTERPRETACI\u00d3N EN LOS SERVICIOS P\u00daBLICOS","og_description":"The Red V\u00e9rtice network brings together associations of translation, interpreting and proofreading professionals based in Spain to:","og_url":"https:\/\/www.afiptisp.org\/index.php\/en\/what-do-we-do\/","og_site_name":"ASOCIACI\u00d3N DE FORMADORES, INVESTIGADORES Y PROFESIONALES DE LA TRADUCCI\u00d3N Y LA INTERPRETACI\u00d3N EN LOS SERVICIOS P\u00daBLICOS","article_modified_time":"2026-05-04T14:32:51+00:00","og_image":[{"width":924,"height":417,"url":"https:\/\/www.afiptisp.org\/wp-content\/uploads\/2026\/02\/image-5.png","type":"image\/png"}],"twitter_card":"summary_large_image","twitter_misc":{"Tiempo de lectura":"1 minuto"},"schema":{"@context":"https:\/\/schema.org","@graph":[{"@type":"WebPage","@id":"https:\/\/www.afiptisp.org\/index.php\/en\/what-do-we-do\/","url":"https:\/\/www.afiptisp.org\/index.php\/en\/what-do-we-do\/","name":"What do we do? - ASOCIACI\u00d3N DE FORMADORES, INVESTIGADORES Y PROFESIONALES DE LA TRADUCCI\u00d3N Y LA INTERPRETACI\u00d3N EN LOS SERVICIOS P\u00daBLICOS","isPartOf":{"@id":"https:\/\/www.afiptisp.org\/#website"},"primaryImageOfPage":{"@id":"https:\/\/www.afiptisp.org\/index.php\/en\/what-do-we-do\/#primaryimage"},"image":{"@id":"https:\/\/www.afiptisp.org\/index.php\/en\/what-do-we-do\/#primaryimage"},"thumbnailUrl":"https:\/\/www.afiptisp.org\/wp-content\/uploads\/2026\/02\/image-5.png","datePublished":"2026-05-04T14:32:50+00:00","dateModified":"2026-05-04T14:32:51+00:00","breadcrumb":{"@id":"https:\/\/www.afiptisp.org\/index.php\/en\/what-do-we-do\/#breadcrumb"},"inLanguage":"es","potentialAction":[{"@type":"ReadAction","target":["https:\/\/www.afiptisp.org\/index.php\/en\/what-do-we-do\/"]}]},{"@type":"ImageObject","inLanguage":"es","@id":"https:\/\/www.afiptisp.org\/index.php\/en\/what-do-we-do\/#primaryimage","url":"https:\/\/www.afiptisp.org\/wp-content\/uploads\/2026\/02\/image-5.png","contentUrl":"https:\/\/www.afiptisp.org\/wp-content\/uploads\/2026\/02\/image-5.png","width":924,"height":417},{"@type":"BreadcrumbList","@id":"https:\/\/www.afiptisp.org\/index.php\/en\/what-do-we-do\/#breadcrumb","itemListElement":[{"@type":"ListItem","position":1,"name":"Portada","item":"https:\/\/www.afiptisp.org\/"},{"@type":"ListItem","position":2,"name":"What do we do?"}]},{"@type":"WebSite","@id":"https:\/\/www.afiptisp.org\/#website","url":"https:\/\/www.afiptisp.org\/","name":"ASOCIACI\u00d3N DE FORMADORES, INVESTIGADORES Y PROFESIONALES DE LA TRADUCCI\u00d3N Y LA INTERPRETACI\u00d3N EN LOS SERVICIOS P\u00daBLICOS","description":"Red V\u00e9rtice: https:\/\/www.redvertice.org","publisher":{"@id":"https:\/\/www.afiptisp.org\/#organization"},"potentialAction":[{"@type":"SearchAction","target":{"@type":"EntryPoint","urlTemplate":"https:\/\/www.afiptisp.org\/?s={search_term_string}"},"query-input":{"@type":"PropertyValueSpecification","valueRequired":true,"valueName":"search_term_string"}}],"inLanguage":"es"},{"@type":"Organization","@id":"https:\/\/www.afiptisp.org\/#organization","name":"ASOCIACI\u00d3N DE FORMADORES, INVESTIGADORES Y PROFESIONALES DE LA TRADUCCI\u00d3N Y LA INTERPRETACI\u00d3N EN LOS SERVICIOS P\u00daBLICOS","url":"https:\/\/www.afiptisp.org\/","logo":{"@type":"ImageObject","inLanguage":"es","@id":"https:\/\/www.afiptisp.org\/#\/schema\/logo\/image\/","url":"https:\/\/www.afiptisp.org\/wp-content\/uploads\/2025\/03\/cropped-Logo-AFIPTISP.png","contentUrl":"https:\/\/www.afiptisp.org\/wp-content\/uploads\/2025\/03\/cropped-Logo-AFIPTISP.png","width":250,"height":250,"caption":"ASOCIACI\u00d3N DE FORMADORES, INVESTIGADORES Y PROFESIONALES DE LA TRADUCCI\u00d3N Y LA INTERPRETACI\u00d3N EN LOS SERVICIOS P\u00daBLICOS"},"image":{"@id":"https:\/\/www.afiptisp.org\/#\/schema\/logo\/image\/"}}]}},"_links":{"self":[{"href":"https:\/\/www.afiptisp.org\/index.php\/wp-json\/wp\/v2\/pages\/1482","targetHints":{"allow":["GET"]}}],"collection":[{"href":"https:\/\/www.afiptisp.org\/index.php\/wp-json\/wp\/v2\/pages"}],"about":[{"href":"https:\/\/www.afiptisp.org\/index.php\/wp-json\/wp\/v2\/types\/page"}],"author":[{"embeddable":true,"href":"https:\/\/www.afiptisp.org\/index.php\/wp-json\/wp\/v2\/users\/1"}],"replies":[{"embeddable":true,"href":"https:\/\/www.afiptisp.org\/index.php\/wp-json\/wp\/v2\/comments?post=1482"}],"version-history":[{"count":1,"href":"https:\/\/www.afiptisp.org\/index.php\/wp-json\/wp\/v2\/pages\/1482\/revisions"}],"predecessor-version":[{"id":1484,"href":"https:\/\/www.afiptisp.org\/index.php\/wp-json\/wp\/v2\/pages\/1482\/revisions\/1484"}],"wp:attachment":[{"href":"https:\/\/www.afiptisp.org\/index.php\/wp-json\/wp\/v2\/media?parent=1482"}],"curies":[{"name":"wp","href":"https:\/\/api.w.org\/{rel}","templated":true}]}}