{"id":15,"date":"2021-03-02T21:32:27","date_gmt":"2021-03-02T21:32:27","guid":{"rendered":"http:\/\/www.afiptisp.org\/?page_id=15"},"modified":"2026-03-03T17:21:32","modified_gmt":"2026-03-03T17:21:32","slug":"asociacion-de-formadores-investigadores-y-profesionales-de-la-traduccion-e-interpretacion-en-los-servicios-publicos","status":"publish","type":"page","link":"https:\/\/www.afiptisp.org\/","title":{"rendered":"Asociaci\u00f3n de Formadores, Investigadores y Profesionales de la Traducci\u00f3n e Interpretaci\u00f3n en los Servicios P\u00fablicos"},"content":{"rendered":"\n<p>Bienvenidos a la web de AFIPTISP, la Asociaci\u00f3n espa\u00f1ola con vocaci\u00f3n internacional que agrupa a Formadores, Investigadores y Profesionales del sector de la Traducci\u00f3n&nbsp;e&nbsp;Interpretaci\u00f3n en los Servicios P\u00fablicos.&nbsp;<\/p>\n\n\n\n<p>AFIPTISP es una asociaci\u00f3n de formadores, investigadores y profesionales de la traducci\u00f3n e interpretaci\u00f3n que nace con el objetivo de mejorar los servicios de traducci\u00f3n e interpretaci\u00f3n prestados a los migrantes que no hablan el idioma de su pa\u00eds de acogida en contextos de servicios p\u00fablicos.<\/p>\n\n\n\n<p>La asociaci\u00f3n no solo incluye a los traductores e int\u00e9rpretes, sino que tambi\u00e9n da voz a los profesionales la Traducci\u00f3n e Interpretaci\u00f3n en Servicios P\u00fablicos (TISP) que han consagrado su tiempo a la investigaci\u00f3n y a los formadores que se preocupan por las nuevas generaciones de profesionales. Por este motivo, una parte importante de la misi\u00f3n de AFIPTISP se centra en la formaci\u00f3n y la difusi\u00f3n a trav\u00e9s de actividades (cursos, conferencias, simposios, seminarios web, etc.) disponibles para los miembros y el p\u00fablico general.<\/p>\n\n\n\n<p>Asimismo, la asociaci\u00f3n est\u00e1 integrada en la&nbsp;<a href=\"http:\/\/www.redvertice.org\/\" target=\"_blank\" rel=\"noreferrer noopener\">Red V\u00e9rtice<\/a>,&nbsp;la red de asociaciones de profesionales de la traducci\u00f3n, interpretaci\u00f3n y correcci\u00f3n con presencia en Espa\u00f1a.<\/p>\n\n\n\n<figure class=\"wp-block-image size-large\"><img loading=\"lazy\" decoding=\"async\" width=\"1024\" height=\"256\" src=\"https:\/\/www.afiptisp.org\/wp-content\/uploads\/2025\/03\/Logo_Ver_1-1024x256.jpg\" alt=\"\" class=\"wp-image-1192\" srcset=\"https:\/\/www.afiptisp.org\/wp-content\/uploads\/2025\/03\/Logo_Ver_1-1024x256.jpg 1024w, https:\/\/www.afiptisp.org\/wp-content\/uploads\/2025\/03\/Logo_Ver_1-300x75.jpg 300w, https:\/\/www.afiptisp.org\/wp-content\/uploads\/2025\/03\/Logo_Ver_1-768x192.jpg 768w, https:\/\/www.afiptisp.org\/wp-content\/uploads\/2025\/03\/Logo_Ver_1-1536x384.jpg 1536w, https:\/\/www.afiptisp.org\/wp-content\/uploads\/2025\/03\/Logo_Ver_1-2048x512.jpg 2048w\" sizes=\"auto, (max-width: 767px) 89vw, (max-width: 1000px) 54vw, (max-width: 1071px) 543px, 580px\" \/><\/figure>\n<!-- AddThis Advanced Settings generic via filter on the_content --><!-- AddThis Share Buttons generic via filter on the_content -->","protected":false},"excerpt":{"rendered":"<p>Bienvenidos a la web de AFIPTISP, la Asociaci\u00f3n espa\u00f1ola con vocaci\u00f3n internacional que agrupa a Formadores, Investigadores y Profesionales del sector de la Traducci\u00f3n&nbsp;e&nbsp;Interpretaci\u00f3n en los Servicios P\u00fablicos.&nbsp; AFIPTISP es una asociaci\u00f3n de formadores, investigadores y profesionales de la traducci\u00f3n e interpretaci\u00f3n que nace con el objetivo de mejorar los servicios de traducci\u00f3n e interpretaci\u00f3n &hellip; <\/p>\n<p class=\"link-more\"><a href=\"https:\/\/www.afiptisp.org\/\" class=\"more-link\">Continuar leyendo<span class=\"screen-reader-text\"> &#8220;Asociaci\u00f3n de Formadores, Investigadores y Profesionales de la Traducci\u00f3n e Interpretaci\u00f3n en los Servicios P\u00fablicos&#8221;<\/span><\/a><\/p>\n<p><!-- AddThis Advanced Settings generic via filter on get_the_excerpt --><!-- AddThis Share Buttons generic via filter on get_the_excerpt --><\/p>\n","protected":false},"author":1,"featured_media":0,"parent":0,"menu_order":0,"comment_status":"closed","ping_status":"closed","template":"","meta":{"footnotes":""},"class_list":["post-15","page","type-page","status-publish","hentry"],"yoast_head":"<!-- This site is optimized with the Yoast SEO plugin v27.5 - https:\/\/yoast.com\/product\/yoast-seo-wordpress\/ -->\n<title>Asociaci\u00f3n de Formadores, Investigadores y Profesionales de la Traducci\u00f3n e Interpretaci\u00f3n en los Servicios P\u00fablicos - ASOCIACI\u00d3N DE FORMADORES, INVESTIGADORES Y PROFESIONALES DE LA TRADUCCI\u00d3N Y LA INTERPRETACI\u00d3N EN LOS SERVICIOS P\u00daBLICOS<\/title>\n<meta name=\"robots\" content=\"index, follow, max-image-preview:large, max-video-preview:-1, nosnippet\" \/>\n<link rel=\"canonical\" href=\"https:\/\/www.afiptisp.org\/\" \/>\n<meta property=\"og:locale\" content=\"es_ES\" \/>\n<meta property=\"og:type\" content=\"article\" \/>\n<meta property=\"og:title\" content=\"Asociaci\u00f3n de Formadores, Investigadores y Profesionales de la Traducci\u00f3n e Interpretaci\u00f3n en los Servicios P\u00fablicos - ASOCIACI\u00d3N DE FORMADORES, INVESTIGADORES Y PROFESIONALES DE LA TRADUCCI\u00d3N Y LA INTERPRETACI\u00d3N EN LOS SERVICIOS P\u00daBLICOS\" \/>\n<meta property=\"og:description\" content=\"Bienvenidos a la web de AFIPTISP, la Asociaci\u00f3n espa\u00f1ola con vocaci\u00f3n internacional que agrupa a Formadores, Investigadores y Profesionales del sector de la Traducci\u00f3n&nbsp;e&nbsp;Interpretaci\u00f3n en los Servicios P\u00fablicos.&nbsp; AFIPTISP es una asociaci\u00f3n de formadores, investigadores y profesionales de la traducci\u00f3n e interpretaci\u00f3n que nace con el objetivo de mejorar los servicios de traducci\u00f3n e interpretaci\u00f3n &hellip; Continuar leyendo &quot;Asociaci\u00f3n de Formadores, Investigadores y Profesionales de la Traducci\u00f3n e Interpretaci\u00f3n en los Servicios P\u00fablicos&quot;\" \/>\n<meta property=\"og:url\" content=\"https:\/\/www.afiptisp.org\/\" \/>\n<meta property=\"og:site_name\" content=\"ASOCIACI\u00d3N DE FORMADORES, INVESTIGADORES Y PROFESIONALES DE LA TRADUCCI\u00d3N Y LA INTERPRETACI\u00d3N EN LOS SERVICIOS P\u00daBLICOS\" \/>\n<meta property=\"article:modified_time\" content=\"2026-03-03T17:21:32+00:00\" \/>\n<meta property=\"og:image\" content=\"https:\/\/www.afiptisp.org\/wp-content\/uploads\/2025\/03\/Logo_Ver_1.jpg\" \/>\n\t<meta property=\"og:image:width\" content=\"2400\" \/>\n\t<meta property=\"og:image:height\" content=\"600\" \/>\n\t<meta property=\"og:image:type\" content=\"image\/jpeg\" \/>\n<meta name=\"twitter:card\" content=\"summary_large_image\" \/>\n<meta name=\"twitter:label1\" content=\"Tiempo de lectura\" \/>\n\t<meta name=\"twitter:data1\" content=\"2 minutos\" \/>\n<script type=\"application\/ld+json\" class=\"yoast-schema-graph\">{\"@context\":\"https:\\\/\\\/schema.org\",\"@graph\":[{\"@type\":\"WebPage\",\"@id\":\"https:\\\/\\\/www.afiptisp.org\\\/\",\"url\":\"https:\\\/\\\/www.afiptisp.org\\\/\",\"name\":\"Asociaci\u00f3n de Formadores, Investigadores y Profesionales de la Traducci\u00f3n e Interpretaci\u00f3n en los Servicios P\u00fablicos - ASOCIACI\u00d3N DE FORMADORES, INVESTIGADORES Y PROFESIONALES DE LA TRADUCCI\u00d3N Y LA INTERPRETACI\u00d3N EN LOS SERVICIOS P\u00daBLICOS\",\"isPartOf\":{\"@id\":\"https:\\\/\\\/www.afiptisp.org\\\/#website\"},\"primaryImageOfPage\":{\"@id\":\"https:\\\/\\\/www.afiptisp.org\\\/#primaryimage\"},\"image\":{\"@id\":\"https:\\\/\\\/www.afiptisp.org\\\/#primaryimage\"},\"thumbnailUrl\":\"https:\\\/\\\/www.afiptisp.org\\\/wp-content\\\/uploads\\\/2025\\\/03\\\/Logo_Ver_1-1024x256.jpg\",\"datePublished\":\"2021-03-02T21:32:27+00:00\",\"dateModified\":\"2026-03-03T17:21:32+00:00\",\"breadcrumb\":{\"@id\":\"https:\\\/\\\/www.afiptisp.org\\\/#breadcrumb\"},\"inLanguage\":\"es\",\"potentialAction\":[{\"@type\":\"ReadAction\",\"target\":[\"https:\\\/\\\/www.afiptisp.org\\\/\"]}]},{\"@type\":\"ImageObject\",\"inLanguage\":\"es\",\"@id\":\"https:\\\/\\\/www.afiptisp.org\\\/#primaryimage\",\"url\":\"https:\\\/\\\/www.afiptisp.org\\\/wp-content\\\/uploads\\\/2025\\\/03\\\/Logo_Ver_1.jpg\",\"contentUrl\":\"https:\\\/\\\/www.afiptisp.org\\\/wp-content\\\/uploads\\\/2025\\\/03\\\/Logo_Ver_1.jpg\",\"width\":2400,\"height\":600},{\"@type\":\"BreadcrumbList\",\"@id\":\"https:\\\/\\\/www.afiptisp.org\\\/#breadcrumb\",\"itemListElement\":[{\"@type\":\"ListItem\",\"position\":1,\"name\":\"Portada\",\"item\":\"https:\\\/\\\/www.afiptisp.org\\\/\"},{\"@type\":\"ListItem\",\"position\":2,\"name\":\"Asociaci\u00f3n de Formadores, Investigadores y Profesionales de la Traducci\u00f3n e Interpretaci\u00f3n en los Servicios P\u00fablicos\"}]},{\"@type\":\"WebSite\",\"@id\":\"https:\\\/\\\/www.afiptisp.org\\\/#website\",\"url\":\"https:\\\/\\\/www.afiptisp.org\\\/\",\"name\":\"ASOCIACI\u00d3N DE FORMADORES, INVESTIGADORES Y PROFESIONALES DE LA TRADUCCI\u00d3N Y LA INTERPRETACI\u00d3N EN LOS SERVICIOS P\u00daBLICOS\",\"description\":\"Red V\u00e9rtice: https:\\\/\\\/www.redvertice.org\",\"publisher\":{\"@id\":\"https:\\\/\\\/www.afiptisp.org\\\/#organization\"},\"potentialAction\":[{\"@type\":\"SearchAction\",\"target\":{\"@type\":\"EntryPoint\",\"urlTemplate\":\"https:\\\/\\\/www.afiptisp.org\\\/?s={search_term_string}\"},\"query-input\":{\"@type\":\"PropertyValueSpecification\",\"valueRequired\":true,\"valueName\":\"search_term_string\"}}],\"inLanguage\":\"es\"},{\"@type\":\"Organization\",\"@id\":\"https:\\\/\\\/www.afiptisp.org\\\/#organization\",\"name\":\"ASOCIACI\u00d3N DE FORMADORES, INVESTIGADORES Y PROFESIONALES DE LA TRADUCCI\u00d3N Y LA INTERPRETACI\u00d3N EN LOS SERVICIOS P\u00daBLICOS\",\"url\":\"https:\\\/\\\/www.afiptisp.org\\\/\",\"logo\":{\"@type\":\"ImageObject\",\"inLanguage\":\"es\",\"@id\":\"https:\\\/\\\/www.afiptisp.org\\\/#\\\/schema\\\/logo\\\/image\\\/\",\"url\":\"https:\\\/\\\/www.afiptisp.org\\\/wp-content\\\/uploads\\\/2025\\\/03\\\/cropped-Logo-AFIPTISP.png\",\"contentUrl\":\"https:\\\/\\\/www.afiptisp.org\\\/wp-content\\\/uploads\\\/2025\\\/03\\\/cropped-Logo-AFIPTISP.png\",\"width\":250,\"height\":250,\"caption\":\"ASOCIACI\u00d3N DE FORMADORES, INVESTIGADORES Y PROFESIONALES DE LA TRADUCCI\u00d3N Y LA INTERPRETACI\u00d3N EN LOS SERVICIOS P\u00daBLICOS\"},\"image\":{\"@id\":\"https:\\\/\\\/www.afiptisp.org\\\/#\\\/schema\\\/logo\\\/image\\\/\"}}]}<\/script>\n<!-- \/ Yoast SEO plugin. -->","yoast_head_json":{"title":"Asociaci\u00f3n de Formadores, Investigadores y Profesionales de la Traducci\u00f3n e Interpretaci\u00f3n en los Servicios P\u00fablicos - ASOCIACI\u00d3N DE FORMADORES, INVESTIGADORES Y PROFESIONALES DE LA TRADUCCI\u00d3N Y LA INTERPRETACI\u00d3N EN LOS SERVICIOS P\u00daBLICOS","robots":{"index":"index","follow":"follow","max-image-preview":"max-image-preview:large","max-video-preview":"max-video-preview:-1","snippet":"nosnippet"},"canonical":"https:\/\/www.afiptisp.org\/","og_locale":"es_ES","og_type":"article","og_title":"Asociaci\u00f3n de Formadores, Investigadores y Profesionales de la Traducci\u00f3n e Interpretaci\u00f3n en los Servicios P\u00fablicos - ASOCIACI\u00d3N DE FORMADORES, INVESTIGADORES Y PROFESIONALES DE LA TRADUCCI\u00d3N Y LA INTERPRETACI\u00d3N EN LOS SERVICIOS P\u00daBLICOS","og_description":"Bienvenidos a la web de AFIPTISP, la Asociaci\u00f3n espa\u00f1ola con vocaci\u00f3n internacional que agrupa a Formadores, Investigadores y Profesionales del sector de la Traducci\u00f3n&nbsp;e&nbsp;Interpretaci\u00f3n en los Servicios P\u00fablicos.&nbsp; AFIPTISP es una asociaci\u00f3n de formadores, investigadores y profesionales de la traducci\u00f3n e interpretaci\u00f3n que nace con el objetivo de mejorar los servicios de traducci\u00f3n e interpretaci\u00f3n &hellip; Continuar leyendo \"Asociaci\u00f3n de Formadores, Investigadores y Profesionales de la Traducci\u00f3n e Interpretaci\u00f3n en los Servicios P\u00fablicos\"","og_url":"https:\/\/www.afiptisp.org\/","og_site_name":"ASOCIACI\u00d3N DE FORMADORES, INVESTIGADORES Y PROFESIONALES DE LA TRADUCCI\u00d3N Y LA INTERPRETACI\u00d3N EN LOS SERVICIOS P\u00daBLICOS","article_modified_time":"2026-03-03T17:21:32+00:00","og_image":[{"width":2400,"height":600,"url":"https:\/\/www.afiptisp.org\/wp-content\/uploads\/2025\/03\/Logo_Ver_1.jpg","type":"image\/jpeg"}],"twitter_card":"summary_large_image","twitter_misc":{"Tiempo de lectura":"2 minutos"},"schema":{"@context":"https:\/\/schema.org","@graph":[{"@type":"WebPage","@id":"https:\/\/www.afiptisp.org\/","url":"https:\/\/www.afiptisp.org\/","name":"Asociaci\u00f3n de Formadores, Investigadores y Profesionales de la Traducci\u00f3n e Interpretaci\u00f3n en los Servicios P\u00fablicos - ASOCIACI\u00d3N DE FORMADORES, INVESTIGADORES Y PROFESIONALES DE LA TRADUCCI\u00d3N Y LA INTERPRETACI\u00d3N EN LOS SERVICIOS P\u00daBLICOS","isPartOf":{"@id":"https:\/\/www.afiptisp.org\/#website"},"primaryImageOfPage":{"@id":"https:\/\/www.afiptisp.org\/#primaryimage"},"image":{"@id":"https:\/\/www.afiptisp.org\/#primaryimage"},"thumbnailUrl":"https:\/\/www.afiptisp.org\/wp-content\/uploads\/2025\/03\/Logo_Ver_1-1024x256.jpg","datePublished":"2021-03-02T21:32:27+00:00","dateModified":"2026-03-03T17:21:32+00:00","breadcrumb":{"@id":"https:\/\/www.afiptisp.org\/#breadcrumb"},"inLanguage":"es","potentialAction":[{"@type":"ReadAction","target":["https:\/\/www.afiptisp.org\/"]}]},{"@type":"ImageObject","inLanguage":"es","@id":"https:\/\/www.afiptisp.org\/#primaryimage","url":"https:\/\/www.afiptisp.org\/wp-content\/uploads\/2025\/03\/Logo_Ver_1.jpg","contentUrl":"https:\/\/www.afiptisp.org\/wp-content\/uploads\/2025\/03\/Logo_Ver_1.jpg","width":2400,"height":600},{"@type":"BreadcrumbList","@id":"https:\/\/www.afiptisp.org\/#breadcrumb","itemListElement":[{"@type":"ListItem","position":1,"name":"Portada","item":"https:\/\/www.afiptisp.org\/"},{"@type":"ListItem","position":2,"name":"Asociaci\u00f3n de Formadores, Investigadores y Profesionales de la Traducci\u00f3n e Interpretaci\u00f3n en los Servicios P\u00fablicos"}]},{"@type":"WebSite","@id":"https:\/\/www.afiptisp.org\/#website","url":"https:\/\/www.afiptisp.org\/","name":"ASOCIACI\u00d3N DE FORMADORES, INVESTIGADORES Y PROFESIONALES DE LA TRADUCCI\u00d3N Y LA INTERPRETACI\u00d3N EN LOS SERVICIOS P\u00daBLICOS","description":"Red V\u00e9rtice: https:\/\/www.redvertice.org","publisher":{"@id":"https:\/\/www.afiptisp.org\/#organization"},"potentialAction":[{"@type":"SearchAction","target":{"@type":"EntryPoint","urlTemplate":"https:\/\/www.afiptisp.org\/?s={search_term_string}"},"query-input":{"@type":"PropertyValueSpecification","valueRequired":true,"valueName":"search_term_string"}}],"inLanguage":"es"},{"@type":"Organization","@id":"https:\/\/www.afiptisp.org\/#organization","name":"ASOCIACI\u00d3N DE FORMADORES, INVESTIGADORES Y PROFESIONALES DE LA TRADUCCI\u00d3N Y LA INTERPRETACI\u00d3N EN LOS SERVICIOS P\u00daBLICOS","url":"https:\/\/www.afiptisp.org\/","logo":{"@type":"ImageObject","inLanguage":"es","@id":"https:\/\/www.afiptisp.org\/#\/schema\/logo\/image\/","url":"https:\/\/www.afiptisp.org\/wp-content\/uploads\/2025\/03\/cropped-Logo-AFIPTISP.png","contentUrl":"https:\/\/www.afiptisp.org\/wp-content\/uploads\/2025\/03\/cropped-Logo-AFIPTISP.png","width":250,"height":250,"caption":"ASOCIACI\u00d3N DE FORMADORES, INVESTIGADORES Y PROFESIONALES DE LA TRADUCCI\u00d3N Y LA INTERPRETACI\u00d3N EN LOS SERVICIOS P\u00daBLICOS"},"image":{"@id":"https:\/\/www.afiptisp.org\/#\/schema\/logo\/image\/"}}]}},"_links":{"self":[{"href":"https:\/\/www.afiptisp.org\/index.php\/wp-json\/wp\/v2\/pages\/15","targetHints":{"allow":["GET"]}}],"collection":[{"href":"https:\/\/www.afiptisp.org\/index.php\/wp-json\/wp\/v2\/pages"}],"about":[{"href":"https:\/\/www.afiptisp.org\/index.php\/wp-json\/wp\/v2\/types\/page"}],"author":[{"embeddable":true,"href":"https:\/\/www.afiptisp.org\/index.php\/wp-json\/wp\/v2\/users\/1"}],"replies":[{"embeddable":true,"href":"https:\/\/www.afiptisp.org\/index.php\/wp-json\/wp\/v2\/comments?post=15"}],"version-history":[{"count":7,"href":"https:\/\/www.afiptisp.org\/index.php\/wp-json\/wp\/v2\/pages\/15\/revisions"}],"predecessor-version":[{"id":1422,"href":"https:\/\/www.afiptisp.org\/index.php\/wp-json\/wp\/v2\/pages\/15\/revisions\/1422"}],"wp:attachment":[{"href":"https:\/\/www.afiptisp.org\/index.php\/wp-json\/wp\/v2\/media?parent=15"}],"curies":[{"name":"wp","href":"https:\/\/api.w.org\/{rel}","templated":true}]}}