{"id":328,"date":"2021-04-22T19:22:18","date_gmt":"2021-04-22T19:22:18","guid":{"rendered":"https:\/\/www.afiptisp.org\/?page_id=328"},"modified":"2021-05-21T07:00:28","modified_gmt":"2021-05-21T07:00:28","slug":"entrevista-a-antonio-airapetov-cear-22-de-abril-de-2021","status":"publish","type":"page","link":"https:\/\/www.afiptisp.org\/index.php\/entrevista-a-antonio-airapetov-cear-22-de-abril-de-2021\/","title":{"rendered":"Entrevista a Antonio Airap\u00e9tov- Servicio de traducci\u00f3n de CEAR (22 de abril de 2021)"},"content":{"rendered":"\n<p id=\"block-5647be2f-729f-4af5-b02f-a2964a78df3d\"><strong><br>22 de abril (19:00)&nbsp;<\/strong><\/p>\n\n\n\n<p id=\"block-7edaaa6f-4da4-432a-93ec-e8a19ea47557\">Entrevista a Antonio Airap\u00e9tov (CEAR)\u00a0<\/p>\n\n\n\n<p>Grabaci\u00f3n:<\/p>\n\n\n\n<p><a href=\"https:\/\/eu.bbcollab.com\/recording\/20bf3e3730bc4f0698442daa956e7763\">https:\/\/eu.bbcollab.com\/recording\/20bf3e3730bc4f0698442daa956e7763<\/a><\/p>\n\n\n\n<figure class=\"wp-block-image\" id=\"block-2bd27729-f442-4875-ab31-71a42f423dd0\"><img decoding=\"async\" src=\"https:\/\/www.afiptisp.org\/wp-content\/uploads\/2021\/03\/Captura-de-pantalla-2021-03-17-a-las-19.36.45.png\" alt=\"La imagen tiene un atributo ALT vac\u00edo; su nombre de archivo es Captura-de-pantalla-2021-03-17-a-las-19.36.45.png\"\/><\/figure>\n<!-- AddThis Advanced Settings generic via filter on the_content --><!-- AddThis Share Buttons generic via filter on the_content -->","protected":false},"excerpt":{"rendered":"<p>22 de abril (19:00)&nbsp; Entrevista a Antonio Airap\u00e9tov (CEAR)\u00a0 Grabaci\u00f3n: https:\/\/eu.bbcollab.com\/recording\/20bf3e3730bc4f0698442daa956e7763<!-- AddThis Advanced Settings generic via filter on get_the_excerpt --><!-- AddThis Share Buttons generic via filter on get_the_excerpt --><\/p>\n","protected":false},"author":1,"featured_media":0,"parent":0,"menu_order":0,"comment_status":"closed","ping_status":"closed","template":"","meta":{"footnotes":""},"class_list":["post-328","page","type-page","status-publish","hentry"],"yoast_head":"<!-- This site is optimized with the Yoast SEO plugin v27.4 - https:\/\/yoast.com\/product\/yoast-seo-wordpress\/ -->\n<title>Entrevista a Antonio Airap\u00e9tov- Servicio de traducci\u00f3n de CEAR (22 de abril de 2021) - ASOCIACI\u00d3N DE FORMADORES, INVESTIGADORES Y PROFESIONALES DE LA TRADUCCI\u00d3N Y LA INTERPRETACI\u00d3N EN LOS SERVICIOS P\u00daBLICOS<\/title>\n<meta name=\"robots\" content=\"index, follow, max-snippet:-1, max-image-preview:large, max-video-preview:-1\" \/>\n<link rel=\"canonical\" href=\"https:\/\/www.afiptisp.org\/index.php\/entrevista-a-antonio-airapetov-cear-22-de-abril-de-2021\/\" \/>\n<meta property=\"og:locale\" content=\"es_ES\" \/>\n<meta property=\"og:type\" content=\"article\" \/>\n<meta property=\"og:title\" content=\"Entrevista a Antonio Airap\u00e9tov- Servicio de traducci\u00f3n de CEAR (22 de abril de 2021) - ASOCIACI\u00d3N DE FORMADORES, INVESTIGADORES Y PROFESIONALES DE LA TRADUCCI\u00d3N Y LA INTERPRETACI\u00d3N EN LOS SERVICIOS P\u00daBLICOS\" \/>\n<meta property=\"og:description\" content=\"22 de abril (19:00)&nbsp; Entrevista a Antonio Airap\u00e9tov (CEAR)\u00a0 Grabaci\u00f3n: https:\/\/eu.bbcollab.com\/recording\/20bf3e3730bc4f0698442daa956e7763\" \/>\n<meta property=\"og:url\" content=\"https:\/\/www.afiptisp.org\/index.php\/entrevista-a-antonio-airapetov-cear-22-de-abril-de-2021\/\" \/>\n<meta property=\"og:site_name\" content=\"ASOCIACI\u00d3N DE FORMADORES, INVESTIGADORES Y PROFESIONALES DE LA TRADUCCI\u00d3N Y LA INTERPRETACI\u00d3N EN LOS SERVICIOS P\u00daBLICOS\" \/>\n<meta property=\"article:modified_time\" content=\"2021-05-21T07:00:28+00:00\" \/>\n<meta property=\"og:image\" content=\"https:\/\/www.afiptisp.org\/wp-content\/uploads\/2021\/03\/Captura-de-pantalla-2021-03-17-a-las-19.36.45.png\" \/>\n<meta name=\"twitter:card\" content=\"summary_large_image\" \/>\n<meta name=\"twitter:label1\" content=\"Tiempo de lectura\" \/>\n\t<meta name=\"twitter:data1\" content=\"1 minuto\" \/>\n<script type=\"application\/ld+json\" class=\"yoast-schema-graph\">{\"@context\":\"https:\\\/\\\/schema.org\",\"@graph\":[{\"@type\":\"WebPage\",\"@id\":\"https:\\\/\\\/www.afiptisp.org\\\/index.php\\\/entrevista-a-antonio-airapetov-cear-22-de-abril-de-2021\\\/\",\"url\":\"https:\\\/\\\/www.afiptisp.org\\\/index.php\\\/entrevista-a-antonio-airapetov-cear-22-de-abril-de-2021\\\/\",\"name\":\"Entrevista a Antonio Airap\u00e9tov- Servicio de traducci\u00f3n de CEAR (22 de abril de 2021) - ASOCIACI\u00d3N DE FORMADORES, INVESTIGADORES Y PROFESIONALES DE LA TRADUCCI\u00d3N Y LA INTERPRETACI\u00d3N EN LOS SERVICIOS P\u00daBLICOS\",\"isPartOf\":{\"@id\":\"https:\\\/\\\/www.afiptisp.org\\\/#website\"},\"primaryImageOfPage\":{\"@id\":\"https:\\\/\\\/www.afiptisp.org\\\/index.php\\\/entrevista-a-antonio-airapetov-cear-22-de-abril-de-2021\\\/#primaryimage\"},\"image\":{\"@id\":\"https:\\\/\\\/www.afiptisp.org\\\/index.php\\\/entrevista-a-antonio-airapetov-cear-22-de-abril-de-2021\\\/#primaryimage\"},\"thumbnailUrl\":\"https:\\\/\\\/www.afiptisp.org\\\/wp-content\\\/uploads\\\/2021\\\/03\\\/Captura-de-pantalla-2021-03-17-a-las-19.36.45.png\",\"datePublished\":\"2021-04-22T19:22:18+00:00\",\"dateModified\":\"2021-05-21T07:00:28+00:00\",\"breadcrumb\":{\"@id\":\"https:\\\/\\\/www.afiptisp.org\\\/index.php\\\/entrevista-a-antonio-airapetov-cear-22-de-abril-de-2021\\\/#breadcrumb\"},\"inLanguage\":\"es\",\"potentialAction\":[{\"@type\":\"ReadAction\",\"target\":[\"https:\\\/\\\/www.afiptisp.org\\\/index.php\\\/entrevista-a-antonio-airapetov-cear-22-de-abril-de-2021\\\/\"]}]},{\"@type\":\"ImageObject\",\"inLanguage\":\"es\",\"@id\":\"https:\\\/\\\/www.afiptisp.org\\\/index.php\\\/entrevista-a-antonio-airapetov-cear-22-de-abril-de-2021\\\/#primaryimage\",\"url\":\"https:\\\/\\\/www.afiptisp.org\\\/wp-content\\\/uploads\\\/2021\\\/03\\\/Captura-de-pantalla-2021-03-17-a-las-19.36.45.png\",\"contentUrl\":\"https:\\\/\\\/www.afiptisp.org\\\/wp-content\\\/uploads\\\/2021\\\/03\\\/Captura-de-pantalla-2021-03-17-a-las-19.36.45.png\",\"width\":192,\"height\":254},{\"@type\":\"BreadcrumbList\",\"@id\":\"https:\\\/\\\/www.afiptisp.org\\\/index.php\\\/entrevista-a-antonio-airapetov-cear-22-de-abril-de-2021\\\/#breadcrumb\",\"itemListElement\":[{\"@type\":\"ListItem\",\"position\":1,\"name\":\"Portada\",\"item\":\"https:\\\/\\\/www.afiptisp.org\\\/\"},{\"@type\":\"ListItem\",\"position\":2,\"name\":\"Entrevista a Antonio Airap\u00e9tov- Servicio de traducci\u00f3n de CEAR (22 de abril de 2021)\"}]},{\"@type\":\"WebSite\",\"@id\":\"https:\\\/\\\/www.afiptisp.org\\\/#website\",\"url\":\"https:\\\/\\\/www.afiptisp.org\\\/\",\"name\":\"ASOCIACI\u00d3N DE FORMADORES, INVESTIGADORES Y PROFESIONALES DE LA TRADUCCI\u00d3N Y LA INTERPRETACI\u00d3N EN LOS SERVICIOS P\u00daBLICOS\",\"description\":\"Red V\u00e9rtice: https:\\\/\\\/www.redvertice.org\",\"publisher\":{\"@id\":\"https:\\\/\\\/www.afiptisp.org\\\/#organization\"},\"potentialAction\":[{\"@type\":\"SearchAction\",\"target\":{\"@type\":\"EntryPoint\",\"urlTemplate\":\"https:\\\/\\\/www.afiptisp.org\\\/?s={search_term_string}\"},\"query-input\":{\"@type\":\"PropertyValueSpecification\",\"valueRequired\":true,\"valueName\":\"search_term_string\"}}],\"inLanguage\":\"es\"},{\"@type\":\"Organization\",\"@id\":\"https:\\\/\\\/www.afiptisp.org\\\/#organization\",\"name\":\"ASOCIACI\u00d3N DE FORMADORES, INVESTIGADORES Y PROFESIONALES DE LA TRADUCCI\u00d3N Y LA INTERPRETACI\u00d3N EN LOS SERVICIOS P\u00daBLICOS\",\"url\":\"https:\\\/\\\/www.afiptisp.org\\\/\",\"logo\":{\"@type\":\"ImageObject\",\"inLanguage\":\"es\",\"@id\":\"https:\\\/\\\/www.afiptisp.org\\\/#\\\/schema\\\/logo\\\/image\\\/\",\"url\":\"https:\\\/\\\/www.afiptisp.org\\\/wp-content\\\/uploads\\\/2025\\\/03\\\/cropped-Logo-AFIPTISP.png\",\"contentUrl\":\"https:\\\/\\\/www.afiptisp.org\\\/wp-content\\\/uploads\\\/2025\\\/03\\\/cropped-Logo-AFIPTISP.png\",\"width\":250,\"height\":250,\"caption\":\"ASOCIACI\u00d3N DE FORMADORES, INVESTIGADORES Y PROFESIONALES DE LA TRADUCCI\u00d3N Y LA INTERPRETACI\u00d3N EN LOS SERVICIOS P\u00daBLICOS\"},\"image\":{\"@id\":\"https:\\\/\\\/www.afiptisp.org\\\/#\\\/schema\\\/logo\\\/image\\\/\"}}]}<\/script>\n<!-- \/ Yoast SEO plugin. -->","yoast_head_json":{"title":"Entrevista a Antonio Airap\u00e9tov- Servicio de traducci\u00f3n de CEAR (22 de abril de 2021) - ASOCIACI\u00d3N DE FORMADORES, INVESTIGADORES Y PROFESIONALES DE LA TRADUCCI\u00d3N Y LA INTERPRETACI\u00d3N EN LOS SERVICIOS P\u00daBLICOS","robots":{"index":"index","follow":"follow","max-snippet":"max-snippet:-1","max-image-preview":"max-image-preview:large","max-video-preview":"max-video-preview:-1"},"canonical":"https:\/\/www.afiptisp.org\/index.php\/entrevista-a-antonio-airapetov-cear-22-de-abril-de-2021\/","og_locale":"es_ES","og_type":"article","og_title":"Entrevista a Antonio Airap\u00e9tov- Servicio de traducci\u00f3n de CEAR (22 de abril de 2021) - ASOCIACI\u00d3N DE FORMADORES, INVESTIGADORES Y PROFESIONALES DE LA TRADUCCI\u00d3N Y LA INTERPRETACI\u00d3N EN LOS SERVICIOS P\u00daBLICOS","og_description":"22 de abril (19:00)&nbsp; Entrevista a Antonio Airap\u00e9tov (CEAR)\u00a0 Grabaci\u00f3n: https:\/\/eu.bbcollab.com\/recording\/20bf3e3730bc4f0698442daa956e7763","og_url":"https:\/\/www.afiptisp.org\/index.php\/entrevista-a-antonio-airapetov-cear-22-de-abril-de-2021\/","og_site_name":"ASOCIACI\u00d3N DE FORMADORES, INVESTIGADORES Y PROFESIONALES DE LA TRADUCCI\u00d3N Y LA INTERPRETACI\u00d3N EN LOS SERVICIOS P\u00daBLICOS","article_modified_time":"2021-05-21T07:00:28+00:00","og_image":[{"url":"https:\/\/www.afiptisp.org\/wp-content\/uploads\/2021\/03\/Captura-de-pantalla-2021-03-17-a-las-19.36.45.png","type":"","width":"","height":""}],"twitter_card":"summary_large_image","twitter_misc":{"Tiempo de lectura":"1 minuto"},"schema":{"@context":"https:\/\/schema.org","@graph":[{"@type":"WebPage","@id":"https:\/\/www.afiptisp.org\/index.php\/entrevista-a-antonio-airapetov-cear-22-de-abril-de-2021\/","url":"https:\/\/www.afiptisp.org\/index.php\/entrevista-a-antonio-airapetov-cear-22-de-abril-de-2021\/","name":"Entrevista a Antonio Airap\u00e9tov- Servicio de traducci\u00f3n de CEAR (22 de abril de 2021) - ASOCIACI\u00d3N DE FORMADORES, INVESTIGADORES Y PROFESIONALES DE LA TRADUCCI\u00d3N Y LA INTERPRETACI\u00d3N EN LOS SERVICIOS P\u00daBLICOS","isPartOf":{"@id":"https:\/\/www.afiptisp.org\/#website"},"primaryImageOfPage":{"@id":"https:\/\/www.afiptisp.org\/index.php\/entrevista-a-antonio-airapetov-cear-22-de-abril-de-2021\/#primaryimage"},"image":{"@id":"https:\/\/www.afiptisp.org\/index.php\/entrevista-a-antonio-airapetov-cear-22-de-abril-de-2021\/#primaryimage"},"thumbnailUrl":"https:\/\/www.afiptisp.org\/wp-content\/uploads\/2021\/03\/Captura-de-pantalla-2021-03-17-a-las-19.36.45.png","datePublished":"2021-04-22T19:22:18+00:00","dateModified":"2021-05-21T07:00:28+00:00","breadcrumb":{"@id":"https:\/\/www.afiptisp.org\/index.php\/entrevista-a-antonio-airapetov-cear-22-de-abril-de-2021\/#breadcrumb"},"inLanguage":"es","potentialAction":[{"@type":"ReadAction","target":["https:\/\/www.afiptisp.org\/index.php\/entrevista-a-antonio-airapetov-cear-22-de-abril-de-2021\/"]}]},{"@type":"ImageObject","inLanguage":"es","@id":"https:\/\/www.afiptisp.org\/index.php\/entrevista-a-antonio-airapetov-cear-22-de-abril-de-2021\/#primaryimage","url":"https:\/\/www.afiptisp.org\/wp-content\/uploads\/2021\/03\/Captura-de-pantalla-2021-03-17-a-las-19.36.45.png","contentUrl":"https:\/\/www.afiptisp.org\/wp-content\/uploads\/2021\/03\/Captura-de-pantalla-2021-03-17-a-las-19.36.45.png","width":192,"height":254},{"@type":"BreadcrumbList","@id":"https:\/\/www.afiptisp.org\/index.php\/entrevista-a-antonio-airapetov-cear-22-de-abril-de-2021\/#breadcrumb","itemListElement":[{"@type":"ListItem","position":1,"name":"Portada","item":"https:\/\/www.afiptisp.org\/"},{"@type":"ListItem","position":2,"name":"Entrevista a Antonio Airap\u00e9tov- Servicio de traducci\u00f3n de CEAR (22 de abril de 2021)"}]},{"@type":"WebSite","@id":"https:\/\/www.afiptisp.org\/#website","url":"https:\/\/www.afiptisp.org\/","name":"ASOCIACI\u00d3N DE FORMADORES, INVESTIGADORES Y PROFESIONALES DE LA TRADUCCI\u00d3N Y LA INTERPRETACI\u00d3N EN LOS SERVICIOS P\u00daBLICOS","description":"Red V\u00e9rtice: https:\/\/www.redvertice.org","publisher":{"@id":"https:\/\/www.afiptisp.org\/#organization"},"potentialAction":[{"@type":"SearchAction","target":{"@type":"EntryPoint","urlTemplate":"https:\/\/www.afiptisp.org\/?s={search_term_string}"},"query-input":{"@type":"PropertyValueSpecification","valueRequired":true,"valueName":"search_term_string"}}],"inLanguage":"es"},{"@type":"Organization","@id":"https:\/\/www.afiptisp.org\/#organization","name":"ASOCIACI\u00d3N DE FORMADORES, INVESTIGADORES Y PROFESIONALES DE LA TRADUCCI\u00d3N Y LA INTERPRETACI\u00d3N EN LOS SERVICIOS P\u00daBLICOS","url":"https:\/\/www.afiptisp.org\/","logo":{"@type":"ImageObject","inLanguage":"es","@id":"https:\/\/www.afiptisp.org\/#\/schema\/logo\/image\/","url":"https:\/\/www.afiptisp.org\/wp-content\/uploads\/2025\/03\/cropped-Logo-AFIPTISP.png","contentUrl":"https:\/\/www.afiptisp.org\/wp-content\/uploads\/2025\/03\/cropped-Logo-AFIPTISP.png","width":250,"height":250,"caption":"ASOCIACI\u00d3N DE FORMADORES, INVESTIGADORES Y PROFESIONALES DE LA TRADUCCI\u00d3N Y LA INTERPRETACI\u00d3N EN LOS SERVICIOS P\u00daBLICOS"},"image":{"@id":"https:\/\/www.afiptisp.org\/#\/schema\/logo\/image\/"}}]}},"_links":{"self":[{"href":"https:\/\/www.afiptisp.org\/index.php\/wp-json\/wp\/v2\/pages\/328","targetHints":{"allow":["GET"]}}],"collection":[{"href":"https:\/\/www.afiptisp.org\/index.php\/wp-json\/wp\/v2\/pages"}],"about":[{"href":"https:\/\/www.afiptisp.org\/index.php\/wp-json\/wp\/v2\/types\/page"}],"author":[{"embeddable":true,"href":"https:\/\/www.afiptisp.org\/index.php\/wp-json\/wp\/v2\/users\/1"}],"replies":[{"embeddable":true,"href":"https:\/\/www.afiptisp.org\/index.php\/wp-json\/wp\/v2\/comments?post=328"}],"version-history":[{"count":6,"href":"https:\/\/www.afiptisp.org\/index.php\/wp-json\/wp\/v2\/pages\/328\/revisions"}],"predecessor-version":[{"id":505,"href":"https:\/\/www.afiptisp.org\/index.php\/wp-json\/wp\/v2\/pages\/328\/revisions\/505"}],"wp:attachment":[{"href":"https:\/\/www.afiptisp.org\/index.php\/wp-json\/wp\/v2\/media?parent=328"}],"curies":[{"name":"wp","href":"https:\/\/api.w.org\/{rel}","templated":true}]}}