{"id":548,"date":"2021-11-03T08:51:33","date_gmt":"2021-11-03T08:51:33","guid":{"rendered":"https:\/\/www.afiptisp.org\/?page_id=548"},"modified":"2021-11-19T12:58:58","modified_gmt":"2021-11-19T12:58:58","slug":"entrevista-a-vanessa-enriquez-19-de-noviembre-2021","status":"publish","type":"page","link":"https:\/\/www.afiptisp.org\/index.php\/entrevista-a-vanessa-enriquez-19-de-noviembre-2021\/","title":{"rendered":"Entrevista a Vanessa Enr\u00edquez (19 de noviembre 2021)"},"content":{"rendered":"\n<p>12:30<\/p>\n\n\n\n<p>Enlace a la grabaci\u00f3n:<\/p>\n\n\n\n<p><a href=\"https:\/\/eu.bbcollab.com\/recording\/3318f36e4aee4b9ca2bc9f79ff12009f\">https:\/\/eu.bbcollab.com\/recording\/3318f36e4aee4b9ca2bc9f79ff12009f<\/a><\/p>\n\n\n\n<p><\/p>\n\n\n\n<figure class=\"wp-block-gallery columns-1 is-cropped wp-block-gallery-1 is-layout-flex wp-block-gallery-is-layout-flex\"><ul class=\"blocks-gallery-grid\"><li class=\"blocks-gallery-item\"><figure><img loading=\"lazy\" decoding=\"async\" width=\"804\" height=\"1024\" src=\"https:\/\/www.afiptisp.org\/wp-content\/uploads\/2021\/11\/Captura-de-pantalla-2021-11-03-a-las-9.40.58-804x1024.png\" alt=\"\" data-id=\"549\" data-full-url=\"https:\/\/www.afiptisp.org\/wp-content\/uploads\/2021\/11\/Captura-de-pantalla-2021-11-03-a-las-9.40.58.png\" data-link=\"https:\/\/www.afiptisp.org\/?attachment_id=549\" class=\"wp-image-549\" srcset=\"https:\/\/www.afiptisp.org\/wp-content\/uploads\/2021\/11\/Captura-de-pantalla-2021-11-03-a-las-9.40.58-804x1024.png 804w, https:\/\/www.afiptisp.org\/wp-content\/uploads\/2021\/11\/Captura-de-pantalla-2021-11-03-a-las-9.40.58-236x300.png 236w, https:\/\/www.afiptisp.org\/wp-content\/uploads\/2021\/11\/Captura-de-pantalla-2021-11-03-a-las-9.40.58-768x978.png 768w, https:\/\/www.afiptisp.org\/wp-content\/uploads\/2021\/11\/Captura-de-pantalla-2021-11-03-a-las-9.40.58-1206x1536.png 1206w, https:\/\/www.afiptisp.org\/wp-content\/uploads\/2021\/11\/Captura-de-pantalla-2021-11-03-a-las-9.40.58.png 1384w\" sizes=\"auto, (max-width: 767px) 89vw, (max-width: 1000px) 54vw, (max-width: 1071px) 543px, 580px\" \/><\/figure><\/li><\/ul><\/figure>\n<!-- AddThis Advanced Settings generic via filter on the_content --><!-- AddThis Share Buttons generic via filter on the_content -->","protected":false},"excerpt":{"rendered":"<p>12:30 Enlace a la grabaci\u00f3n: https:\/\/eu.bbcollab.com\/recording\/3318f36e4aee4b9ca2bc9f79ff12009f<!-- AddThis Advanced Settings generic via filter on get_the_excerpt --><!-- AddThis Share Buttons generic via filter on get_the_excerpt --><\/p>\n","protected":false},"author":1,"featured_media":0,"parent":0,"menu_order":0,"comment_status":"closed","ping_status":"closed","template":"","meta":{"footnotes":""},"class_list":["post-548","page","type-page","status-publish","hentry"],"yoast_head":"<!-- This site is optimized with the Yoast SEO plugin v27.4 - https:\/\/yoast.com\/product\/yoast-seo-wordpress\/ -->\n<title>Entrevista a Vanessa Enr\u00edquez (19 de noviembre 2021) - ASOCIACI\u00d3N DE FORMADORES, INVESTIGADORES Y PROFESIONALES DE LA TRADUCCI\u00d3N Y LA INTERPRETACI\u00d3N EN LOS SERVICIOS P\u00daBLICOS<\/title>\n<meta name=\"robots\" content=\"index, follow, max-snippet:-1, max-image-preview:large, max-video-preview:-1\" \/>\n<link rel=\"canonical\" href=\"https:\/\/www.afiptisp.org\/index.php\/entrevista-a-vanessa-enriquez-19-de-noviembre-2021\/\" \/>\n<meta property=\"og:locale\" content=\"es_ES\" \/>\n<meta property=\"og:type\" content=\"article\" \/>\n<meta property=\"og:title\" content=\"Entrevista a Vanessa Enr\u00edquez (19 de noviembre 2021) - ASOCIACI\u00d3N DE FORMADORES, INVESTIGADORES Y PROFESIONALES DE LA TRADUCCI\u00d3N Y LA INTERPRETACI\u00d3N EN LOS SERVICIOS P\u00daBLICOS\" \/>\n<meta property=\"og:description\" content=\"12:30 Enlace a la grabaci\u00f3n: https:\/\/eu.bbcollab.com\/recording\/3318f36e4aee4b9ca2bc9f79ff12009f\" \/>\n<meta property=\"og:url\" content=\"https:\/\/www.afiptisp.org\/index.php\/entrevista-a-vanessa-enriquez-19-de-noviembre-2021\/\" \/>\n<meta property=\"og:site_name\" content=\"ASOCIACI\u00d3N DE FORMADORES, INVESTIGADORES Y PROFESIONALES DE LA TRADUCCI\u00d3N Y LA INTERPRETACI\u00d3N EN LOS SERVICIOS P\u00daBLICOS\" \/>\n<meta property=\"article:modified_time\" content=\"2021-11-19T12:58:58+00:00\" \/>\n<meta property=\"og:image\" content=\"https:\/\/www.afiptisp.org\/wp-content\/uploads\/2021\/11\/Captura-de-pantalla-2021-11-03-a-las-9.40.58-804x1024.png\" \/>\n<meta name=\"twitter:card\" content=\"summary_large_image\" \/>\n<meta name=\"twitter:label1\" content=\"Tiempo de lectura\" \/>\n\t<meta name=\"twitter:data1\" content=\"1 minuto\" \/>\n<script type=\"application\/ld+json\" class=\"yoast-schema-graph\">{\"@context\":\"https:\\\/\\\/schema.org\",\"@graph\":[{\"@type\":\"WebPage\",\"@id\":\"https:\\\/\\\/www.afiptisp.org\\\/index.php\\\/entrevista-a-vanessa-enriquez-19-de-noviembre-2021\\\/\",\"url\":\"https:\\\/\\\/www.afiptisp.org\\\/index.php\\\/entrevista-a-vanessa-enriquez-19-de-noviembre-2021\\\/\",\"name\":\"Entrevista a Vanessa Enr\u00edquez (19 de noviembre 2021) - ASOCIACI\u00d3N DE FORMADORES, INVESTIGADORES Y PROFESIONALES DE LA TRADUCCI\u00d3N Y LA INTERPRETACI\u00d3N EN LOS SERVICIOS P\u00daBLICOS\",\"isPartOf\":{\"@id\":\"https:\\\/\\\/www.afiptisp.org\\\/#website\"},\"primaryImageOfPage\":{\"@id\":\"https:\\\/\\\/www.afiptisp.org\\\/index.php\\\/entrevista-a-vanessa-enriquez-19-de-noviembre-2021\\\/#primaryimage\"},\"image\":{\"@id\":\"https:\\\/\\\/www.afiptisp.org\\\/index.php\\\/entrevista-a-vanessa-enriquez-19-de-noviembre-2021\\\/#primaryimage\"},\"thumbnailUrl\":\"https:\\\/\\\/www.afiptisp.org\\\/wp-content\\\/uploads\\\/2021\\\/11\\\/Captura-de-pantalla-2021-11-03-a-las-9.40.58-804x1024.png\",\"datePublished\":\"2021-11-03T08:51:33+00:00\",\"dateModified\":\"2021-11-19T12:58:58+00:00\",\"breadcrumb\":{\"@id\":\"https:\\\/\\\/www.afiptisp.org\\\/index.php\\\/entrevista-a-vanessa-enriquez-19-de-noviembre-2021\\\/#breadcrumb\"},\"inLanguage\":\"es\",\"potentialAction\":[{\"@type\":\"ReadAction\",\"target\":[\"https:\\\/\\\/www.afiptisp.org\\\/index.php\\\/entrevista-a-vanessa-enriquez-19-de-noviembre-2021\\\/\"]}]},{\"@type\":\"ImageObject\",\"inLanguage\":\"es\",\"@id\":\"https:\\\/\\\/www.afiptisp.org\\\/index.php\\\/entrevista-a-vanessa-enriquez-19-de-noviembre-2021\\\/#primaryimage\",\"url\":\"https:\\\/\\\/www.afiptisp.org\\\/wp-content\\\/uploads\\\/2021\\\/11\\\/Captura-de-pantalla-2021-11-03-a-las-9.40.58.png\",\"contentUrl\":\"https:\\\/\\\/www.afiptisp.org\\\/wp-content\\\/uploads\\\/2021\\\/11\\\/Captura-de-pantalla-2021-11-03-a-las-9.40.58.png\",\"width\":1384,\"height\":1762},{\"@type\":\"BreadcrumbList\",\"@id\":\"https:\\\/\\\/www.afiptisp.org\\\/index.php\\\/entrevista-a-vanessa-enriquez-19-de-noviembre-2021\\\/#breadcrumb\",\"itemListElement\":[{\"@type\":\"ListItem\",\"position\":1,\"name\":\"Portada\",\"item\":\"https:\\\/\\\/www.afiptisp.org\\\/\"},{\"@type\":\"ListItem\",\"position\":2,\"name\":\"Entrevista a Vanessa Enr\u00edquez (19 de noviembre 2021)\"}]},{\"@type\":\"WebSite\",\"@id\":\"https:\\\/\\\/www.afiptisp.org\\\/#website\",\"url\":\"https:\\\/\\\/www.afiptisp.org\\\/\",\"name\":\"ASOCIACI\u00d3N DE FORMADORES, INVESTIGADORES Y PROFESIONALES DE LA TRADUCCI\u00d3N Y LA INTERPRETACI\u00d3N EN LOS SERVICIOS P\u00daBLICOS\",\"description\":\"Red V\u00e9rtice: https:\\\/\\\/www.redvertice.org\",\"publisher\":{\"@id\":\"https:\\\/\\\/www.afiptisp.org\\\/#organization\"},\"potentialAction\":[{\"@type\":\"SearchAction\",\"target\":{\"@type\":\"EntryPoint\",\"urlTemplate\":\"https:\\\/\\\/www.afiptisp.org\\\/?s={search_term_string}\"},\"query-input\":{\"@type\":\"PropertyValueSpecification\",\"valueRequired\":true,\"valueName\":\"search_term_string\"}}],\"inLanguage\":\"es\"},{\"@type\":\"Organization\",\"@id\":\"https:\\\/\\\/www.afiptisp.org\\\/#organization\",\"name\":\"ASOCIACI\u00d3N DE FORMADORES, INVESTIGADORES Y PROFESIONALES DE LA TRADUCCI\u00d3N Y LA INTERPRETACI\u00d3N EN LOS SERVICIOS P\u00daBLICOS\",\"url\":\"https:\\\/\\\/www.afiptisp.org\\\/\",\"logo\":{\"@type\":\"ImageObject\",\"inLanguage\":\"es\",\"@id\":\"https:\\\/\\\/www.afiptisp.org\\\/#\\\/schema\\\/logo\\\/image\\\/\",\"url\":\"https:\\\/\\\/www.afiptisp.org\\\/wp-content\\\/uploads\\\/2025\\\/03\\\/cropped-Logo-AFIPTISP.png\",\"contentUrl\":\"https:\\\/\\\/www.afiptisp.org\\\/wp-content\\\/uploads\\\/2025\\\/03\\\/cropped-Logo-AFIPTISP.png\",\"width\":250,\"height\":250,\"caption\":\"ASOCIACI\u00d3N DE FORMADORES, INVESTIGADORES Y PROFESIONALES DE LA TRADUCCI\u00d3N Y LA INTERPRETACI\u00d3N EN LOS SERVICIOS P\u00daBLICOS\"},\"image\":{\"@id\":\"https:\\\/\\\/www.afiptisp.org\\\/#\\\/schema\\\/logo\\\/image\\\/\"}}]}<\/script>\n<!-- \/ Yoast SEO plugin. -->","yoast_head_json":{"title":"Entrevista a Vanessa Enr\u00edquez (19 de noviembre 2021) - ASOCIACI\u00d3N DE FORMADORES, INVESTIGADORES Y PROFESIONALES DE LA TRADUCCI\u00d3N Y LA INTERPRETACI\u00d3N EN LOS SERVICIOS P\u00daBLICOS","robots":{"index":"index","follow":"follow","max-snippet":"max-snippet:-1","max-image-preview":"max-image-preview:large","max-video-preview":"max-video-preview:-1"},"canonical":"https:\/\/www.afiptisp.org\/index.php\/entrevista-a-vanessa-enriquez-19-de-noviembre-2021\/","og_locale":"es_ES","og_type":"article","og_title":"Entrevista a Vanessa Enr\u00edquez (19 de noviembre 2021) - ASOCIACI\u00d3N DE FORMADORES, INVESTIGADORES Y PROFESIONALES DE LA TRADUCCI\u00d3N Y LA INTERPRETACI\u00d3N EN LOS SERVICIOS P\u00daBLICOS","og_description":"12:30 Enlace a la grabaci\u00f3n: https:\/\/eu.bbcollab.com\/recording\/3318f36e4aee4b9ca2bc9f79ff12009f","og_url":"https:\/\/www.afiptisp.org\/index.php\/entrevista-a-vanessa-enriquez-19-de-noviembre-2021\/","og_site_name":"ASOCIACI\u00d3N DE FORMADORES, INVESTIGADORES Y PROFESIONALES DE LA TRADUCCI\u00d3N Y LA INTERPRETACI\u00d3N EN LOS SERVICIOS P\u00daBLICOS","article_modified_time":"2021-11-19T12:58:58+00:00","og_image":[{"url":"https:\/\/www.afiptisp.org\/wp-content\/uploads\/2021\/11\/Captura-de-pantalla-2021-11-03-a-las-9.40.58-804x1024.png","type":"","width":"","height":""}],"twitter_card":"summary_large_image","twitter_misc":{"Tiempo de lectura":"1 minuto"},"schema":{"@context":"https:\/\/schema.org","@graph":[{"@type":"WebPage","@id":"https:\/\/www.afiptisp.org\/index.php\/entrevista-a-vanessa-enriquez-19-de-noviembre-2021\/","url":"https:\/\/www.afiptisp.org\/index.php\/entrevista-a-vanessa-enriquez-19-de-noviembre-2021\/","name":"Entrevista a Vanessa Enr\u00edquez (19 de noviembre 2021) - ASOCIACI\u00d3N DE FORMADORES, INVESTIGADORES Y PROFESIONALES DE LA TRADUCCI\u00d3N Y LA INTERPRETACI\u00d3N EN LOS SERVICIOS P\u00daBLICOS","isPartOf":{"@id":"https:\/\/www.afiptisp.org\/#website"},"primaryImageOfPage":{"@id":"https:\/\/www.afiptisp.org\/index.php\/entrevista-a-vanessa-enriquez-19-de-noviembre-2021\/#primaryimage"},"image":{"@id":"https:\/\/www.afiptisp.org\/index.php\/entrevista-a-vanessa-enriquez-19-de-noviembre-2021\/#primaryimage"},"thumbnailUrl":"https:\/\/www.afiptisp.org\/wp-content\/uploads\/2021\/11\/Captura-de-pantalla-2021-11-03-a-las-9.40.58-804x1024.png","datePublished":"2021-11-03T08:51:33+00:00","dateModified":"2021-11-19T12:58:58+00:00","breadcrumb":{"@id":"https:\/\/www.afiptisp.org\/index.php\/entrevista-a-vanessa-enriquez-19-de-noviembre-2021\/#breadcrumb"},"inLanguage":"es","potentialAction":[{"@type":"ReadAction","target":["https:\/\/www.afiptisp.org\/index.php\/entrevista-a-vanessa-enriquez-19-de-noviembre-2021\/"]}]},{"@type":"ImageObject","inLanguage":"es","@id":"https:\/\/www.afiptisp.org\/index.php\/entrevista-a-vanessa-enriquez-19-de-noviembre-2021\/#primaryimage","url":"https:\/\/www.afiptisp.org\/wp-content\/uploads\/2021\/11\/Captura-de-pantalla-2021-11-03-a-las-9.40.58.png","contentUrl":"https:\/\/www.afiptisp.org\/wp-content\/uploads\/2021\/11\/Captura-de-pantalla-2021-11-03-a-las-9.40.58.png","width":1384,"height":1762},{"@type":"BreadcrumbList","@id":"https:\/\/www.afiptisp.org\/index.php\/entrevista-a-vanessa-enriquez-19-de-noviembre-2021\/#breadcrumb","itemListElement":[{"@type":"ListItem","position":1,"name":"Portada","item":"https:\/\/www.afiptisp.org\/"},{"@type":"ListItem","position":2,"name":"Entrevista a Vanessa Enr\u00edquez (19 de noviembre 2021)"}]},{"@type":"WebSite","@id":"https:\/\/www.afiptisp.org\/#website","url":"https:\/\/www.afiptisp.org\/","name":"ASOCIACI\u00d3N DE FORMADORES, INVESTIGADORES Y PROFESIONALES DE LA TRADUCCI\u00d3N Y LA INTERPRETACI\u00d3N EN LOS SERVICIOS P\u00daBLICOS","description":"Red V\u00e9rtice: https:\/\/www.redvertice.org","publisher":{"@id":"https:\/\/www.afiptisp.org\/#organization"},"potentialAction":[{"@type":"SearchAction","target":{"@type":"EntryPoint","urlTemplate":"https:\/\/www.afiptisp.org\/?s={search_term_string}"},"query-input":{"@type":"PropertyValueSpecification","valueRequired":true,"valueName":"search_term_string"}}],"inLanguage":"es"},{"@type":"Organization","@id":"https:\/\/www.afiptisp.org\/#organization","name":"ASOCIACI\u00d3N DE FORMADORES, INVESTIGADORES Y PROFESIONALES DE LA TRADUCCI\u00d3N Y LA INTERPRETACI\u00d3N EN LOS SERVICIOS P\u00daBLICOS","url":"https:\/\/www.afiptisp.org\/","logo":{"@type":"ImageObject","inLanguage":"es","@id":"https:\/\/www.afiptisp.org\/#\/schema\/logo\/image\/","url":"https:\/\/www.afiptisp.org\/wp-content\/uploads\/2025\/03\/cropped-Logo-AFIPTISP.png","contentUrl":"https:\/\/www.afiptisp.org\/wp-content\/uploads\/2025\/03\/cropped-Logo-AFIPTISP.png","width":250,"height":250,"caption":"ASOCIACI\u00d3N DE FORMADORES, INVESTIGADORES Y PROFESIONALES DE LA TRADUCCI\u00d3N Y LA INTERPRETACI\u00d3N EN LOS SERVICIOS P\u00daBLICOS"},"image":{"@id":"https:\/\/www.afiptisp.org\/#\/schema\/logo\/image\/"}}]}},"_links":{"self":[{"href":"https:\/\/www.afiptisp.org\/index.php\/wp-json\/wp\/v2\/pages\/548","targetHints":{"allow":["GET"]}}],"collection":[{"href":"https:\/\/www.afiptisp.org\/index.php\/wp-json\/wp\/v2\/pages"}],"about":[{"href":"https:\/\/www.afiptisp.org\/index.php\/wp-json\/wp\/v2\/types\/page"}],"author":[{"embeddable":true,"href":"https:\/\/www.afiptisp.org\/index.php\/wp-json\/wp\/v2\/users\/1"}],"replies":[{"embeddable":true,"href":"https:\/\/www.afiptisp.org\/index.php\/wp-json\/wp\/v2\/comments?post=548"}],"version-history":[{"count":4,"href":"https:\/\/www.afiptisp.org\/index.php\/wp-json\/wp\/v2\/pages\/548\/revisions"}],"predecessor-version":[{"id":565,"href":"https:\/\/www.afiptisp.org\/index.php\/wp-json\/wp\/v2\/pages\/548\/revisions\/565"}],"wp:attachment":[{"href":"https:\/\/www.afiptisp.org\/index.php\/wp-json\/wp\/v2\/media?parent=548"}],"curies":[{"name":"wp","href":"https:\/\/api.w.org\/{rel}","templated":true}]}}